{"id":1631,"date":"2025-10-07T14:59:14","date_gmt":"2025-10-07T14:59:14","guid":{"rendered":"https:\/\/www.zahnarzt-praxis-biel.ch\/?page_id=1631"},"modified":"2025-10-07T14:59:15","modified_gmt":"2025-10-07T14:59:15","slug":"declaration-de-confidentialite","status":"publish","type":"page","link":"https:\/\/www.zahnarzt-praxis-biel.ch\/fr\/declaration-de-confidentialite\/","title":{"rendered":"D\u00e9claration de confidentialit\u00e9"},"content":{"rendered":"<section class=\"l-section wpb_row height_huge\"><div class=\"l-section-h i-cf\"><div class=\"g-cols vc_row via_flex valign_top type_default stacking_default\"><div class=\"vc_col-sm-12 wpb_column vc_column_container\"><div class=\"vc_column-inner\"><div class=\"wpb_wrapper\"><div class=\"wpb_text_column\"><div class=\"wpb_wrapper\"><h1><strong>D\u00e9claration de confidentialit\u00e9<\/strong><\/h1>\n<p>L&rsquo;organisme responsable au sens de l&rsquo;article 13 de la Constitution f\u00e9d\u00e9rale suisse et des dispositions f\u00e9d\u00e9rales en mati\u00e8re de protection des donn\u00e9es est :<\/p>\n<p>Cabinet dentaire Dr med. dent. Miroslaw Miskiewicz<br \/>\nRue de la Gare 8<br \/>\n2502 Bienne<\/p>\n<p>T\u00e9l\u00e9phone : +41 32 322 41 41<br \/>\nE-mail : info@zahnarzt-praxis-biel.ch<br \/>\nSite web : <a href=\"https:\/\/www.zahnarzt-praxis-biel.ch\/\">https:\/\/www.zahnarzt-praxis-biel.ch\/<\/a><\/p>\n<h2><strong>Remarque g\u00e9n\u00e9rale<\/strong><\/h2>\n<p>La d\u00e9claration de confidentialit\u00e9 suivante s&rsquo;applique \u00e0 l&rsquo;utilisation de notre site web et aux services qui y sont propos\u00e9s. La pr\u00e9sente d\u00e9claration de confidentialit\u00e9 vous informe sur la collecte de donn\u00e9es \u00e0 caract\u00e8re personnel lors de votre visite sur ce site web.<\/p>\n<p>La collecte et le traitement de vos donn\u00e9es personnelles sont effectu\u00e9s dans le respect des lois en vigueur en mati\u00e8re de protection des donn\u00e9es en Suisse. Notre cabinet propose ses services uniquement en Suisse et s&rsquo;adresse uniquement aux personnes r\u00e9sidant en Suisse.<\/p>\n<h2><strong>Collecte de donn\u00e9es techniques et d&rsquo;informations et leur finalit\u00e9<\/strong><\/h2>\n<p>\u00c0 chaque consultation du site web, des donn\u00e9es et des informations sont collect\u00e9es. Celles-ci sont enregistr\u00e9es dans les fichiers journaux du serveur sur lequel notre site web est h\u00e9berg\u00e9. Les donn\u00e9es suivantes concernant les visiteurs du site web peuvent \u00eatre collect\u00e9es :<\/p>\n<ul>\n<li>la date et l&rsquo;heure de la consultation,<\/li>\n<li>les types et versions de navigateurs utilis\u00e9s,<\/li>\n<li>le syst\u00e8me d&rsquo;exploitation utilis\u00e9 par le syst\u00e8me consultant,<\/li>\n<li>l&rsquo;adresse IP qui nous a \u00e9t\u00e9 communiqu\u00e9e lors de la navigation, ainsi que le fournisseur d&rsquo;acc\u00e8s Internet correspondant,<\/li>\n<li>le site web \u00e0 partir duquel notre site web a \u00e9t\u00e9 consult\u00e9 (r\u00e9f\u00e9rent),<\/li>\n<li>les pages consult\u00e9es sur notre site web,<\/li>\n<li>d&rsquo;autres donn\u00e9es similaires qui pourraient \u00eatre utilis\u00e9es pour riposter en cas d&rsquo;attaques contre notre infrastructure informatique.<\/li>\n<\/ul>\n<p>Ces donn\u00e9es et informations sont n\u00e9cessaires pour afficher correctement le contenu de notre site web, garantir le bon fonctionnement de notre site web, optimiser le contenu de notre site web et fournir les informations n\u00e9cessaires aux autorit\u00e9s judiciaires en cas de cyberattaque contre notre site web.<\/p>\n<p>En outre, notre cabinet peut \u00e9valuer ces donn\u00e9es et informations \u00e0 des fins statistiques et dans le but d&rsquo;am\u00e9liorer la protection et la s\u00e9curit\u00e9 des donn\u00e9es de son infrastructure informatique. Les donn\u00e9es et informations collect\u00e9es ne sont trait\u00e9es qu&rsquo;aux fins mentionn\u00e9es ci-dessus et sont ensuite supprim\u00e9es.<\/p>\n<h2><strong>Liens vers d&rsquo;autres sites web<\/strong><\/h2>\n<p>Ce site web peut contenir des liens vers des sites web d&rsquo;autres fournisseurs. Nous n&rsquo;avons aucune influence sur ces sites web, leur contenu, leurs offres ou leur disponibilit\u00e9, ni sur les d\u00e9clarations et dispositions relatives \u00e0 la protection des donn\u00e9es qui y sont applicables. Nous d\u00e9clinons donc toute responsabilit\u00e9 quant au contenu des sites vers lesquels renvoient ces liens. Il peut arriver que certains liens ne fonctionnent plus si nous ne sommes pas inform\u00e9s des modifications. Vous pouvez nous aider en nous signalant ces liens \u00e0 l&rsquo;adresse e-mail du cabinet.<\/p>\n<h2><strong>Cookies<\/strong><\/h2>\n<p>Notre cabinet peut utiliser des cookies sur son site web. Les cookies contiennent un identifiant unique, appel\u00e9 \u00ab cookie ID \u00bb, qui attribue des sites web et des serveurs \u00e0 un navigateur Internet sp\u00e9cifique. Un navigateur Internet sp\u00e9cifique peut \u00eatre reconnu gr\u00e2ce \u00e0 cet identifiant unique.<\/p>\n<h2><strong>Communication avec nous<\/strong><\/h2>\n<p>Le site web de notre cabinet contient certaines informations qui permettent une prise de contact \u00e9lectronique rapide et une communication imm\u00e9diate, notamment une adresse e-mail g\u00e9n\u00e9rale. Si vous nous contactez via les moyens de communication propos\u00e9s sur notre site web, vos coordonn\u00e9es et le contenu de votre message seront utilis\u00e9s uniquement pour traiter votre demande et y r\u00e9pondre.<\/p>\n<p>Veuillez noter qu&rsquo;il n&rsquo;est pas possible de garantir la confidentialit\u00e9 de vos donn\u00e9es transmises par e-mail. C&rsquo;est pourquoi aucune donn\u00e9e confidentielle (questions m\u00e9dicales, etc.) ne doit \u00eatre transmise lors de cette prise de contact.<\/p>\n<h2><strong>Vos droits<\/strong><\/h2>\n<p>En vertu de la loi sur la protection des donn\u00e9es, vous disposez de divers droits, tels que le droit d&rsquo;acc\u00e8s. Pour faire valoir vos droits, veuillez contacter notre cabinet par \u00e9crit. Nous nous tenons \u00e0 votre disposition pour toute information compl\u00e9mentaire \u00e0 ce sujet.<\/p>\n<h2><strong>Modifications<\/strong><\/h2>\n<p>Notre cabinet peut modifier la pr\u00e9sente d\u00e9claration de confidentialit\u00e9 \u00e0 tout moment et sans pr\u00e9avis. La version actuelle publi\u00e9e sur notre site web fait foi. Si la d\u00e9claration de confidentialit\u00e9 fait partie d&rsquo;un contrat conclu avec vous, nous vous informerons de toute modification par e-mail ou par tout autre moyen appropri\u00e9 en cas de mise \u00e0 jour.<\/p>\n<p>13\/08\/2025<\/p>\n<\/div><\/div><\/div><\/div><\/div><\/div><\/div><\/section>\n","protected":false},"excerpt":{"rendered":"D\u00e9claration de confidentialit\u00e9 L&rsquo;organisme responsable au sens de l&rsquo;article 13 de la Constitution f\u00e9d\u00e9rale suisse et des dispositions f\u00e9d\u00e9rales en mati\u00e8re de protection des donn\u00e9es est : Cabinet dentaire Dr med. dent. Miroslaw Miskiewicz Rue de la Gare 8 2502 Bienne T\u00e9l\u00e9phone : +41 32 322 41 41 E-mail : info@zahnarzt-praxis-biel.ch Site web : https:\/\/www.zahnarzt-praxis-biel.ch\/...","protected":false},"author":1,"featured_media":0,"parent":0,"menu_order":0,"comment_status":"closed","ping_status":"closed","template":"","meta":{"footnotes":""},"class_list":["post-1631","page","type-page","status-publish","hentry"],"yoast_head":"<!-- This site is optimized with the Yoast SEO plugin v25.7 - https:\/\/yoast.com\/wordpress\/plugins\/seo\/ -->\n<title>D\u00e9claration de confidentialit\u00e9 - Zahnarzt Praxis Biel Dr. Miskiewicz<\/title>\n<meta name=\"robots\" content=\"index, follow, max-snippet:-1, max-image-preview:large, max-video-preview:-1\" \/>\n<link rel=\"canonical\" href=\"https:\/\/www.zahnarzt-praxis-biel.ch\/fr\/declaration-de-confidentialite\/\" \/>\n<meta property=\"og:locale\" content=\"fr_FR\" \/>\n<meta property=\"og:type\" content=\"article\" \/>\n<meta property=\"og:title\" content=\"D\u00e9claration de confidentialit\u00e9 - Zahnarzt Praxis Biel Dr. Miskiewicz\" \/>\n<meta property=\"og:url\" content=\"https:\/\/www.zahnarzt-praxis-biel.ch\/fr\/declaration-de-confidentialite\/\" \/>\n<meta property=\"og:site_name\" content=\"Zahnarzt Praxis Biel Dr. Miskiewicz\" \/>\n<meta property=\"article:modified_time\" content=\"2025-10-07T14:59:15+00:00\" \/>\n<meta name=\"twitter:card\" content=\"summary_large_image\" \/>\n<meta name=\"twitter:label1\" content=\"Dur\u00e9e de lecture estim\u00e9e\" \/>\n\t<meta name=\"twitter:data1\" content=\"1 minute\" \/>\n<script type=\"application\/ld+json\" class=\"yoast-schema-graph\">{\"@context\":\"https:\/\/schema.org\",\"@graph\":[{\"@type\":\"WebPage\",\"@id\":\"https:\/\/www.zahnarzt-praxis-biel.ch\/fr\/declaration-de-confidentialite\/\",\"url\":\"https:\/\/www.zahnarzt-praxis-biel.ch\/fr\/declaration-de-confidentialite\/\",\"name\":\"D\u00e9claration de confidentialit\u00e9 - Zahnarzt Praxis Biel Dr. Miskiewicz\",\"isPartOf\":{\"@id\":\"https:\/\/www.zahnarzt-praxis-biel.ch\/#website\"},\"datePublished\":\"2025-10-07T14:59:14+00:00\",\"dateModified\":\"2025-10-07T14:59:15+00:00\",\"breadcrumb\":{\"@id\":\"https:\/\/www.zahnarzt-praxis-biel.ch\/fr\/declaration-de-confidentialite\/#breadcrumb\"},\"inLanguage\":\"fr-FR\",\"potentialAction\":[{\"@type\":\"ReadAction\",\"target\":[\"https:\/\/www.zahnarzt-praxis-biel.ch\/fr\/declaration-de-confidentialite\/\"]}]},{\"@type\":\"BreadcrumbList\",\"@id\":\"https:\/\/www.zahnarzt-praxis-biel.ch\/fr\/declaration-de-confidentialite\/#breadcrumb\",\"itemListElement\":[{\"@type\":\"ListItem\",\"position\":1,\"name\":\"Startseite\",\"item\":\"https:\/\/www.zahnarzt-praxis-biel.ch\/fr\/\"},{\"@type\":\"ListItem\",\"position\":2,\"name\":\"D\u00e9claration de confidentialit\u00e9\"}]},{\"@type\":\"WebSite\",\"@id\":\"https:\/\/www.zahnarzt-praxis-biel.ch\/#website\",\"url\":\"https:\/\/www.zahnarzt-praxis-biel.ch\/\",\"name\":\"Zahnarzt Praxis Biel Dr. Miskiewicz\",\"description\":\"\",\"publisher\":{\"@id\":\"https:\/\/www.zahnarzt-praxis-biel.ch\/#organization\"},\"potentialAction\":[{\"@type\":\"SearchAction\",\"target\":{\"@type\":\"EntryPoint\",\"urlTemplate\":\"https:\/\/www.zahnarzt-praxis-biel.ch\/?s={search_term_string}\"},\"query-input\":{\"@type\":\"PropertyValueSpecification\",\"valueRequired\":true,\"valueName\":\"search_term_string\"}}],\"inLanguage\":\"fr-FR\"},{\"@type\":\"Organization\",\"@id\":\"https:\/\/www.zahnarzt-praxis-biel.ch\/#organization\",\"name\":\"Zahnarzt Praxis Biel Dr. Miskiewicz\",\"url\":\"https:\/\/www.zahnarzt-praxis-biel.ch\/\",\"logo\":{\"@type\":\"ImageObject\",\"inLanguage\":\"fr-FR\",\"@id\":\"https:\/\/www.zahnarzt-praxis-biel.ch\/#\/schema\/logo\/image\/\",\"url\":\"https:\/\/www.zahnarzt-praxis-biel.ch\/wp-content\/uploads\/2021\/01\/logo-dr-miskiewicz.png\",\"contentUrl\":\"https:\/\/www.zahnarzt-praxis-biel.ch\/wp-content\/uploads\/2021\/01\/logo-dr-miskiewicz.png\",\"width\":804,\"height\":160,\"caption\":\"Zahnarzt Praxis Biel Dr. Miskiewicz\"},\"image\":{\"@id\":\"https:\/\/www.zahnarzt-praxis-biel.ch\/#\/schema\/logo\/image\/\"}}]}<\/script>\n<!-- \/ Yoast SEO plugin. -->","yoast_head_json":{"title":"D\u00e9claration de confidentialit\u00e9 - Zahnarzt Praxis Biel Dr. Miskiewicz","robots":{"index":"index","follow":"follow","max-snippet":"max-snippet:-1","max-image-preview":"max-image-preview:large","max-video-preview":"max-video-preview:-1"},"canonical":"https:\/\/www.zahnarzt-praxis-biel.ch\/fr\/declaration-de-confidentialite\/","og_locale":"fr_FR","og_type":"article","og_title":"D\u00e9claration de confidentialit\u00e9 - Zahnarzt Praxis Biel Dr. Miskiewicz","og_url":"https:\/\/www.zahnarzt-praxis-biel.ch\/fr\/declaration-de-confidentialite\/","og_site_name":"Zahnarzt Praxis Biel Dr. Miskiewicz","article_modified_time":"2025-10-07T14:59:15+00:00","twitter_card":"summary_large_image","twitter_misc":{"Dur\u00e9e de lecture estim\u00e9e":"1 minute"},"schema":{"@context":"https:\/\/schema.org","@graph":[{"@type":"WebPage","@id":"https:\/\/www.zahnarzt-praxis-biel.ch\/fr\/declaration-de-confidentialite\/","url":"https:\/\/www.zahnarzt-praxis-biel.ch\/fr\/declaration-de-confidentialite\/","name":"D\u00e9claration de confidentialit\u00e9 - Zahnarzt Praxis Biel Dr. Miskiewicz","isPartOf":{"@id":"https:\/\/www.zahnarzt-praxis-biel.ch\/#website"},"datePublished":"2025-10-07T14:59:14+00:00","dateModified":"2025-10-07T14:59:15+00:00","breadcrumb":{"@id":"https:\/\/www.zahnarzt-praxis-biel.ch\/fr\/declaration-de-confidentialite\/#breadcrumb"},"inLanguage":"fr-FR","potentialAction":[{"@type":"ReadAction","target":["https:\/\/www.zahnarzt-praxis-biel.ch\/fr\/declaration-de-confidentialite\/"]}]},{"@type":"BreadcrumbList","@id":"https:\/\/www.zahnarzt-praxis-biel.ch\/fr\/declaration-de-confidentialite\/#breadcrumb","itemListElement":[{"@type":"ListItem","position":1,"name":"Startseite","item":"https:\/\/www.zahnarzt-praxis-biel.ch\/fr\/"},{"@type":"ListItem","position":2,"name":"D\u00e9claration de confidentialit\u00e9"}]},{"@type":"WebSite","@id":"https:\/\/www.zahnarzt-praxis-biel.ch\/#website","url":"https:\/\/www.zahnarzt-praxis-biel.ch\/","name":"Zahnarzt Praxis Biel Dr. Miskiewicz","description":"","publisher":{"@id":"https:\/\/www.zahnarzt-praxis-biel.ch\/#organization"},"potentialAction":[{"@type":"SearchAction","target":{"@type":"EntryPoint","urlTemplate":"https:\/\/www.zahnarzt-praxis-biel.ch\/?s={search_term_string}"},"query-input":{"@type":"PropertyValueSpecification","valueRequired":true,"valueName":"search_term_string"}}],"inLanguage":"fr-FR"},{"@type":"Organization","@id":"https:\/\/www.zahnarzt-praxis-biel.ch\/#organization","name":"Zahnarzt Praxis Biel Dr. Miskiewicz","url":"https:\/\/www.zahnarzt-praxis-biel.ch\/","logo":{"@type":"ImageObject","inLanguage":"fr-FR","@id":"https:\/\/www.zahnarzt-praxis-biel.ch\/#\/schema\/logo\/image\/","url":"https:\/\/www.zahnarzt-praxis-biel.ch\/wp-content\/uploads\/2021\/01\/logo-dr-miskiewicz.png","contentUrl":"https:\/\/www.zahnarzt-praxis-biel.ch\/wp-content\/uploads\/2021\/01\/logo-dr-miskiewicz.png","width":804,"height":160,"caption":"Zahnarzt Praxis Biel Dr. Miskiewicz"},"image":{"@id":"https:\/\/www.zahnarzt-praxis-biel.ch\/#\/schema\/logo\/image\/"}}]}},"_links":{"self":[{"href":"https:\/\/www.zahnarzt-praxis-biel.ch\/fr\/wp-json\/wp\/v2\/pages\/1631","targetHints":{"allow":["GET"]}}],"collection":[{"href":"https:\/\/www.zahnarzt-praxis-biel.ch\/fr\/wp-json\/wp\/v2\/pages"}],"about":[{"href":"https:\/\/www.zahnarzt-praxis-biel.ch\/fr\/wp-json\/wp\/v2\/types\/page"}],"author":[{"embeddable":true,"href":"https:\/\/www.zahnarzt-praxis-biel.ch\/fr\/wp-json\/wp\/v2\/users\/1"}],"replies":[{"embeddable":true,"href":"https:\/\/www.zahnarzt-praxis-biel.ch\/fr\/wp-json\/wp\/v2\/comments?post=1631"}],"version-history":[{"count":1,"href":"https:\/\/www.zahnarzt-praxis-biel.ch\/fr\/wp-json\/wp\/v2\/pages\/1631\/revisions"}],"predecessor-version":[{"id":1632,"href":"https:\/\/www.zahnarzt-praxis-biel.ch\/fr\/wp-json\/wp\/v2\/pages\/1631\/revisions\/1632"}],"wp:attachment":[{"href":"https:\/\/www.zahnarzt-praxis-biel.ch\/fr\/wp-json\/wp\/v2\/media?parent=1631"}],"curies":[{"name":"wp","href":"https:\/\/api.w.org\/{rel}","templated":true}]}}