{"id":132,"date":"2020-12-14T13:31:31","date_gmt":"2020-12-14T13:31:31","guid":{"rendered":"https:\/\/www.zahnarzt-praxis-biel.ch\/home\/"},"modified":"2024-12-19T10:57:05","modified_gmt":"2024-12-19T10:57:05","slug":"home","status":"publish","type":"page","link":"https:\/\/www.zahnarzt-praxis-biel.ch\/fr\/","title":{"rendered":"Home"},"content":{"rendered":"<section class=\"l-section wpb_row us_custom_599e4e0b height_huge width_full\"><div class=\"l-section-h i-cf\"><div class=\"g-cols vc_row via_flex valign_middle type_default stacking_default\"><div class=\"vc_col-sm-6 wpb_column vc_column_container\"><div class=\"vc_column-inner\"><div class=\"wpb_wrapper\"><div class=\"w-image align_none meta_modern\"><div class=\"w-image-h\"><img decoding=\"async\" width=\"1200\" height=\"834\" src=\"https:\/\/www.zahnarzt-praxis-biel.ch\/wp-content\/uploads\/2021\/01\/Miroslaw-Miskiewicz.jpg\" class=\"attachment-full size-full\" alt=\"\" loading=\"lazy\" srcset=\"https:\/\/www.zahnarzt-praxis-biel.ch\/wp-content\/uploads\/2021\/01\/Miroslaw-Miskiewicz.jpg 1200w, https:\/\/www.zahnarzt-praxis-biel.ch\/wp-content\/uploads\/2021\/01\/Miroslaw-Miskiewicz-300x209.jpg 300w, https:\/\/www.zahnarzt-praxis-biel.ch\/wp-content\/uploads\/2021\/01\/Miroslaw-Miskiewicz-1024x712.jpg 1024w\" sizes=\"auto, (max-width: 1200px) 100vw, 1200px\" \/><div class=\"w-image-meta\"><div class=\"w-image-title\">Dr. med. dent. Miroslaw Miskiewicz<\/div><div class=\"w-image-description\">m\u00e9decin dentiste dipl\u00f4m\u00e9 f\u00e9d\u00e9ral | M.Sc. Implantologie et parodontologie | M.Sc. Orthodontie<\/div><\/div><\/div><\/div><\/div><\/div><\/div><div class=\"vc_col-sm-6 wpb_column vc_column_container\"><div class=\"vc_column-inner\"><div class=\"wpb_wrapper\"><div class=\"wpb_text_column dropcap\"><div class=\"wpb_wrapper\"><h2>Chers patients<\/h2>\n<p>Bienvenue sur le site Internet du cabinet dentaire du Dr Miskiewicz. Le cabinet est situ\u00e9 au c\u0153ur de Bienne et vous offre toute la gamme des soins dentaires modernes et de haute qualit\u00e9. Votre satisfaction \u00e0 long terme, la prise en charge et le traitement personnels et, dans la mesure du possible, individuels des patients sont les \u00e9l\u00e9ments constitutifs de notre philosophie de travail. Votre sant\u00e9 nous tient \u00e0 c\u0153ur, votre confiance est notre motivation. Nous nous r\u00e9jouissons d\u2019avance de vous accueillir.<\/p>\n<\/div><\/div><\/div><\/div><\/div><\/div><\/div><\/section><section class=\"l-section wpb_row us_custom_45408d6d height_auto width_full\"><div class=\"l-section-h i-cf\"><div class=\"g-cols vc_row via_flex valign_top type_default stacking_default\"><div class=\"vc_col-sm-6 vc_hidden-xs wpb_column vc_column_container\"><div class=\"vc_column-inner\"><div class=\"wpb_wrapper\"><div class=\"w-ibanner us_custom_92d565f4 has_text_color animation_phorcys ratio_2x1 easing_ease\"><a title=\"Dentisterie g\u00e9n\u00e9rale et chirurgie dentaire\" href=\"https:\/\/www.zahnarzt-praxis-biel.ch\/fr\/dentisterie-generale-et-chirurgie-dentaire\/\" aria-label=\"Dentisterie g\u00e9n\u00e9rale et chirurgie dentaire\"><\/a><div class=\"w-ibanner-h\"><div class=\"w-ibanner-image\" style=\"background-image: url(https:\/\/www.zahnarzt-praxis-biel.ch\/wp-content\/uploads\/2021\/01\/Behandlungszimmer-1.jpg)\"><\/div><div class=\"w-ibanner-content\"><div class=\"w-ibanner-content-h\"><h2 class=\"w-ibanner-title\">Dentisterie g\u00e9n\u00e9rale et chirurgie dentaire<\/h2><div class=\"w-ibanner-desc\"><p>Les docteurs Miskiewicz et Ruiz sont deux dentistes exp\u00e9riment\u00e9s, particuli\u00e8rement soucieux de r\u00e9pondre aux souhaits et aux besoins individuels des patients.<\/p>\n<\/div><\/div><\/div><\/div><\/div><\/div><\/div><\/div><div class=\"vc_col-sm-6 vc_hidden-xs wpb_column vc_column_container\"><div class=\"vc_column-inner\"><div class=\"wpb_wrapper\"><div class=\"w-ibanner us_custom_92d565f4 has_text_color animation_phorcys ratio_2x1 easing_ease\"><a title=\"Implantologie et parodontologie\" href=\"https:\/\/www.zahnarzt-praxis-biel.ch\/fr\/implantologie-et-parodontologie\/\" aria-label=\"Implantologie et parodontologie\"><\/a><div class=\"w-ibanner-h\"><div class=\"w-ibanner-image\" style=\"background-image: url(https:\/\/www.zahnarzt-praxis-biel.ch\/wp-content\/uploads\/2021\/01\/Behandlungszimmer-2-1.jpg)\"><\/div><div class=\"w-ibanner-content\"><div class=\"w-ibanner-content-h\"><h2 class=\"w-ibanner-title\">Implantologie et parodontologie<\/h2><div class=\"w-ibanner-desc\"><p>Dr Miskiewicz a une exp\u00e9rience de nombreuses ann\u00e9es en dentisterie implantaire et en parodontologie, et a suivi avec succ\u00e8s de cours de sp\u00e9cialisation dans ces deux domaines.<\/p>\n<\/div><\/div><\/div><\/div><\/div><\/div><\/div><\/div><\/div><\/div><\/section><section class=\"l-section wpb_row us_custom_45408d6d height_auto width_full\"><div class=\"l-section-h i-cf\"><div class=\"g-cols vc_row via_flex valign_top type_default stacking_default\"><div class=\"vc_col-sm-6 vc_hidden-xs wpb_column vc_column_container\"><div class=\"vc_column-inner\"><div class=\"wpb_wrapper\"><div class=\"w-ibanner us_custom_92d565f4 has_text_color animation_phorcys ratio_2x1 easing_ease\"><a title=\"Invisalign\" href=\"https:\/\/www.zahnarzt-praxis-biel.ch\/fr\/orthodontie\/\" aria-label=\"Orthodontie\"><\/a><div class=\"w-ibanner-h\"><div class=\"w-ibanner-image\" style=\"background-image: url(https:\/\/www.zahnarzt-praxis-biel.ch\/wp-content\/uploads\/2024\/12\/kieferorthopaedie.png)\"><\/div><div class=\"w-ibanner-content\"><div class=\"w-ibanner-content-h\"><h2 class=\"w-ibanner-title\">Orthodontie<\/h2><div class=\"w-ibanner-desc\"><p>La th\u00e9rapie par aligneurs est particuli\u00e8rement appr\u00e9ci\u00e9e des patients car les aligneurs sont transparents et donc presque invisibles.<\/p>\n<\/div><\/div><\/div><\/div><\/div><\/div><\/div><\/div><div class=\"vc_col-sm-6 vc_hidden-xs wpb_column vc_column_container\"><div class=\"vc_column-inner\"><div class=\"wpb_wrapper\"><div class=\"w-ibanner us_custom_92d565f4 has_text_color animation_phorcys ratio_2x1 easing_ease\"><a title=\"Contact\" href=\"\/fr\/contact\/\" aria-label=\"Contact\"><\/a><div class=\"w-ibanner-h\"><div class=\"w-ibanner-image\" style=\"background-image: url(https:\/\/www.zahnarzt-praxis-biel.ch\/wp-content\/uploads\/2021\/01\/Schild.jpg)\"><\/div><div class=\"w-ibanner-content\"><div class=\"w-ibanner-content-h\"><h2 class=\"w-ibanner-title\">Contact<\/h2><div class=\"w-ibanner-desc\"><p>Vous avez une demande ? N\u2019h\u00e9sitez pas \u00e0 nous contacter !<\/p>\n<\/div><\/div><\/div><\/div><\/div><\/div><\/div><\/div><\/div><\/div><\/section><section class=\"l-section wpb_row height_auto\"><div class=\"l-section-h i-cf\"><div class=\"g-cols vc_row via_flex valign_top type_default stacking_default\"><div class=\"vc_col-sm-12 vc_hidden-lg vc_hidden-md vc_hidden-sm wpb_column vc_column_container\"><div class=\"vc_column-inner\"><div class=\"wpb_wrapper\"><div class=\"w-ibanner us_custom_92d565f4 has_text_color animation_phorcys ratio_4x3 easing_ease\"><a title=\"Dentisterie g\u00e9n\u00e9rale et chirurgie dentaire\" href=\"https:\/\/www.zahnarzt-praxis-biel.ch\/fr\/dentisterie-generale-et-chirurgie-dentaire\/\" aria-label=\"Dentisterie g\u00e9n\u00e9rale et chirurgie dentaire\"><\/a><div class=\"w-ibanner-h\"><div class=\"w-ibanner-image\" style=\"background-image: url(https:\/\/www.zahnarzt-praxis-biel.ch\/wp-content\/uploads\/2021\/01\/Behandlungszimmer-1.jpg)\"><\/div><div class=\"w-ibanner-content\"><div class=\"w-ibanner-content-h\"><h2 class=\"w-ibanner-title\">Dentisterie g\u00e9n\u00e9rale et chirurgie dentaire<\/h2><div class=\"w-ibanner-desc\"><p>Les docteurs Miskiewicz et Ruiz sont deux dentistes exp\u00e9riment\u00e9s, particuli\u00e8rement soucieux de r\u00e9pondre aux souhaits et aux besoins individuels des patients.<\/p>\n<\/div><\/div><\/div><\/div><\/div><div class=\"w-separator size_large\"><\/div><div class=\"w-ibanner us_custom_92d565f4 has_text_color animation_phorcys ratio_4x3 easing_ease\"><a title=\"Implantologie et parodontologie\" href=\"https:\/\/www.zahnarzt-praxis-biel.ch\/fr\/implantologie-et-parodontologie\/\" aria-label=\"Implantologie et parodontologie\"><\/a><div class=\"w-ibanner-h\"><div class=\"w-ibanner-image\" style=\"background-image: url(https:\/\/www.zahnarzt-praxis-biel.ch\/wp-content\/uploads\/2021\/01\/Behandlungszimmer-2-1.jpg)\"><\/div><div class=\"w-ibanner-content\"><div class=\"w-ibanner-content-h\"><h2 class=\"w-ibanner-title\">Implantologie et parodontologie<\/h2><div class=\"w-ibanner-desc\"><p>Dr Miskiewicz a une exp\u00e9rience de nombreuses ann\u00e9es en dentisterie implantaire et en parodontologie, et a suivi avec succ\u00e8s de cours de sp\u00e9cialisation dans ces deux domaines.<\/p>\n<\/div><\/div><\/div><\/div><\/div><div class=\"w-separator size_large\"><\/div><div class=\"w-ibanner us_custom_92d565f4 has_text_color animation_phorcys ratio_4x3 easing_ease\"><a title=\"Invisalign\" href=\"https:\/\/www.zahnarzt-praxis-biel.ch\/fr\/orthodontie\/\" aria-label=\"Orthodontie\"><\/a><div class=\"w-ibanner-h\"><div class=\"w-ibanner-image\" style=\"background-image: url(https:\/\/www.zahnarzt-praxis-biel.ch\/wp-content\/uploads\/2024\/12\/kieferorthopaedie.png)\"><\/div><div class=\"w-ibanner-content\"><div class=\"w-ibanner-content-h\"><h2 class=\"w-ibanner-title\">Orthodontie<\/h2><div class=\"w-ibanner-desc\"><p>La th\u00e9rapie par aligneurs est particuli\u00e8rement appr\u00e9ci\u00e9e des patients car les aligneurs sont transparents et donc presque invisibles.<\/p>\n<\/div><\/div><\/div><\/div><\/div><div class=\"w-separator size_large\"><\/div><div class=\"w-ibanner us_custom_92d565f4 has_text_color animation_phorcys ratio_4x3 easing_ease\"><a title=\"Contact\" href=\"\/fr\/contact\/\" aria-label=\"Contact\"><\/a><div class=\"w-ibanner-h\"><div class=\"w-ibanner-image\" style=\"background-image: url(https:\/\/www.zahnarzt-praxis-biel.ch\/wp-content\/uploads\/2021\/01\/Schild.jpg)\"><\/div><div class=\"w-ibanner-content\"><div class=\"w-ibanner-content-h\"><h2 class=\"w-ibanner-title\">Contact<\/h2><div class=\"w-ibanner-desc\"><p>Vous avez une demande ? N\u2019h\u00e9sitez pas \u00e0 nous contacter !<\/p>\n<\/div><\/div><\/div><\/div><\/div><div class=\"w-separator size_large\"><\/div><\/div><\/div><\/div><\/div><\/div><\/section><section class=\"l-section wpb_row height_auto width_full\"><div class=\"l-section-h i-cf\"><div class=\"g-cols vc_row via_flex valign_top type_default stacking_default\"><div class=\"vc_col-sm-12 wpb_column vc_column_container\"><div class=\"vc_column-inner\"><div class=\"wpb_wrapper\"><div class=\"w-popup us_custom_184d5269 popup dropcap w-btn-wrapper align_none\"><button type=\"button\" aria-label=\"Urgence\" class=\"w-popup-trigger type_btn w-btn us-btn-style_1\"><span class=\"w-btn-label\">Urgence<\/span><\/button><div class=\"w-popup-overlay\" style=\"background:rgba(0,0,0,0.85);\"><\/div><div class=\"w-popup-wrap layout_default\" role=\"dialog\" aria-modal=\"true\" aria-label=\"Urgence\" style=\"--title-color:var(--color-content-heading);--title-bg-color:var(--color-content-bg-alt);--content-color:var(--color-content-text);--content-bg-color:var(--color-content-bg);--popup-width:50%;--popup-padding:5%;\"><button aria-label=\"Fermer\" class=\"w-popup-closer\" type=\"button\"><\/button><div class=\"w-popup-box animation_scaleUp closerpos_outside with_title\"><div class=\"w-popup-box-h\"><div class=\"w-popup-box-title\">Urgence<\/div><div class=\"w-popup-box-content\"><p>En cas d\u2019urgence en dehors de nos heures d\u2019ouverture, veuillez appeler le service d\u2019urgence dentaire au <a href=\"tel:0900903903\" target=\"_blank\" rel=\"noopener\">0900 903 903<\/a>.<\/p>\n<\/div><\/div><\/div><\/div><\/div><\/div><\/div><\/div><\/div><\/div><\/section>\n","protected":false},"excerpt":{"rendered":"Dr. med. dent. Miroslaw Miskiewiczm\u00e9decin dentiste dipl\u00f4m\u00e9 f\u00e9d\u00e9ral | M.Sc. Implantologie et parodontologie | M.Sc. OrthodontieChers patients Bienvenue sur le site Internet du cabinet dentaire du Dr Miskiewicz. Le cabinet est situ\u00e9 au c\u0153ur de Bienne et vous offre toute la gamme des soins dentaires modernes et de haute qualit\u00e9. Votre satisfaction \u00e0 long terme,...","protected":false},"author":1,"featured_media":0,"parent":0,"menu_order":0,"comment_status":"closed","ping_status":"closed","template":"","meta":{"footnotes":""},"class_list":["post-132","page","type-page","status-publish","hentry"],"yoast_head":"<!-- This site is optimized with the Yoast SEO plugin v25.7 - https:\/\/yoast.com\/wordpress\/plugins\/seo\/ -->\n<title>Home - Zahnarzt Praxis Biel Dr. Miskiewicz<\/title>\n<meta name=\"robots\" content=\"index, follow, max-snippet:-1, max-image-preview:large, max-video-preview:-1\" \/>\n<link rel=\"canonical\" href=\"https:\/\/www.zahnarzt-praxis-biel.ch\/fr\/\" \/>\n<meta property=\"og:locale\" content=\"fr_FR\" \/>\n<meta property=\"og:type\" content=\"article\" \/>\n<meta property=\"og:title\" content=\"Home - Zahnarzt Praxis Biel Dr. Miskiewicz\" \/>\n<meta property=\"og:url\" content=\"https:\/\/www.zahnarzt-praxis-biel.ch\/fr\/\" \/>\n<meta property=\"og:site_name\" content=\"Zahnarzt Praxis Biel Dr. Miskiewicz\" \/>\n<meta property=\"article:modified_time\" content=\"2024-12-19T10:57:05+00:00\" \/>\n<meta name=\"twitter:card\" content=\"summary_large_image\" \/>\n<meta name=\"twitter:label1\" content=\"Dur\u00e9e de lecture estim\u00e9e\" \/>\n\t<meta name=\"twitter:data1\" content=\"6 minutes\" \/>\n<script type=\"application\/ld+json\" class=\"yoast-schema-graph\">{\"@context\":\"https:\/\/schema.org\",\"@graph\":[{\"@type\":\"WebPage\",\"@id\":\"https:\/\/www.zahnarzt-praxis-biel.ch\/fr\/\",\"url\":\"https:\/\/www.zahnarzt-praxis-biel.ch\/fr\/\",\"name\":\"Home - Zahnarzt Praxis Biel Dr. Miskiewicz\",\"isPartOf\":{\"@id\":\"https:\/\/www.zahnarzt-praxis-biel.ch\/#website\"},\"datePublished\":\"2020-12-14T13:31:31+00:00\",\"dateModified\":\"2024-12-19T10:57:05+00:00\",\"breadcrumb\":{\"@id\":\"https:\/\/www.zahnarzt-praxis-biel.ch\/fr\/#breadcrumb\"},\"inLanguage\":\"fr-FR\",\"potentialAction\":[{\"@type\":\"ReadAction\",\"target\":[\"https:\/\/www.zahnarzt-praxis-biel.ch\/fr\/\"]}]},{\"@type\":\"BreadcrumbList\",\"@id\":\"https:\/\/www.zahnarzt-praxis-biel.ch\/fr\/#breadcrumb\",\"itemListElement\":[{\"@type\":\"ListItem\",\"position\":1,\"name\":\"Startseite\",\"item\":\"https:\/\/www.zahnarzt-praxis-biel.ch\/fr\/\"},{\"@type\":\"ListItem\",\"position\":2,\"name\":\"Home\"}]},{\"@type\":\"WebSite\",\"@id\":\"https:\/\/www.zahnarzt-praxis-biel.ch\/#website\",\"url\":\"https:\/\/www.zahnarzt-praxis-biel.ch\/\",\"name\":\"Zahnarzt Praxis Biel Dr. Miskiewicz\",\"description\":\"\",\"publisher\":{\"@id\":\"https:\/\/www.zahnarzt-praxis-biel.ch\/#organization\"},\"potentialAction\":[{\"@type\":\"SearchAction\",\"target\":{\"@type\":\"EntryPoint\",\"urlTemplate\":\"https:\/\/www.zahnarzt-praxis-biel.ch\/?s={search_term_string}\"},\"query-input\":{\"@type\":\"PropertyValueSpecification\",\"valueRequired\":true,\"valueName\":\"search_term_string\"}}],\"inLanguage\":\"fr-FR\"},{\"@type\":\"Organization\",\"@id\":\"https:\/\/www.zahnarzt-praxis-biel.ch\/#organization\",\"name\":\"Zahnarzt Praxis Biel Dr. Miskiewicz\",\"url\":\"https:\/\/www.zahnarzt-praxis-biel.ch\/\",\"logo\":{\"@type\":\"ImageObject\",\"inLanguage\":\"fr-FR\",\"@id\":\"https:\/\/www.zahnarzt-praxis-biel.ch\/#\/schema\/logo\/image\/\",\"url\":\"https:\/\/www.zahnarzt-praxis-biel.ch\/wp-content\/uploads\/2021\/01\/logo-dr-miskiewicz.png\",\"contentUrl\":\"https:\/\/www.zahnarzt-praxis-biel.ch\/wp-content\/uploads\/2021\/01\/logo-dr-miskiewicz.png\",\"width\":804,\"height\":160,\"caption\":\"Zahnarzt Praxis Biel Dr. Miskiewicz\"},\"image\":{\"@id\":\"https:\/\/www.zahnarzt-praxis-biel.ch\/#\/schema\/logo\/image\/\"}}]}<\/script>\n<!-- \/ Yoast SEO plugin. -->","yoast_head_json":{"title":"Home - Zahnarzt Praxis Biel Dr. Miskiewicz","robots":{"index":"index","follow":"follow","max-snippet":"max-snippet:-1","max-image-preview":"max-image-preview:large","max-video-preview":"max-video-preview:-1"},"canonical":"https:\/\/www.zahnarzt-praxis-biel.ch\/fr\/","og_locale":"fr_FR","og_type":"article","og_title":"Home - Zahnarzt Praxis Biel Dr. Miskiewicz","og_url":"https:\/\/www.zahnarzt-praxis-biel.ch\/fr\/","og_site_name":"Zahnarzt Praxis Biel Dr. Miskiewicz","article_modified_time":"2024-12-19T10:57:05+00:00","twitter_card":"summary_large_image","twitter_misc":{"Dur\u00e9e de lecture estim\u00e9e":"6 minutes"},"schema":{"@context":"https:\/\/schema.org","@graph":[{"@type":"WebPage","@id":"https:\/\/www.zahnarzt-praxis-biel.ch\/fr\/","url":"https:\/\/www.zahnarzt-praxis-biel.ch\/fr\/","name":"Home - Zahnarzt Praxis Biel Dr. Miskiewicz","isPartOf":{"@id":"https:\/\/www.zahnarzt-praxis-biel.ch\/#website"},"datePublished":"2020-12-14T13:31:31+00:00","dateModified":"2024-12-19T10:57:05+00:00","breadcrumb":{"@id":"https:\/\/www.zahnarzt-praxis-biel.ch\/fr\/#breadcrumb"},"inLanguage":"fr-FR","potentialAction":[{"@type":"ReadAction","target":["https:\/\/www.zahnarzt-praxis-biel.ch\/fr\/"]}]},{"@type":"BreadcrumbList","@id":"https:\/\/www.zahnarzt-praxis-biel.ch\/fr\/#breadcrumb","itemListElement":[{"@type":"ListItem","position":1,"name":"Startseite","item":"https:\/\/www.zahnarzt-praxis-biel.ch\/fr\/"},{"@type":"ListItem","position":2,"name":"Home"}]},{"@type":"WebSite","@id":"https:\/\/www.zahnarzt-praxis-biel.ch\/#website","url":"https:\/\/www.zahnarzt-praxis-biel.ch\/","name":"Zahnarzt Praxis Biel Dr. Miskiewicz","description":"","publisher":{"@id":"https:\/\/www.zahnarzt-praxis-biel.ch\/#organization"},"potentialAction":[{"@type":"SearchAction","target":{"@type":"EntryPoint","urlTemplate":"https:\/\/www.zahnarzt-praxis-biel.ch\/?s={search_term_string}"},"query-input":{"@type":"PropertyValueSpecification","valueRequired":true,"valueName":"search_term_string"}}],"inLanguage":"fr-FR"},{"@type":"Organization","@id":"https:\/\/www.zahnarzt-praxis-biel.ch\/#organization","name":"Zahnarzt Praxis Biel Dr. Miskiewicz","url":"https:\/\/www.zahnarzt-praxis-biel.ch\/","logo":{"@type":"ImageObject","inLanguage":"fr-FR","@id":"https:\/\/www.zahnarzt-praxis-biel.ch\/#\/schema\/logo\/image\/","url":"https:\/\/www.zahnarzt-praxis-biel.ch\/wp-content\/uploads\/2021\/01\/logo-dr-miskiewicz.png","contentUrl":"https:\/\/www.zahnarzt-praxis-biel.ch\/wp-content\/uploads\/2021\/01\/logo-dr-miskiewicz.png","width":804,"height":160,"caption":"Zahnarzt Praxis Biel Dr. Miskiewicz"},"image":{"@id":"https:\/\/www.zahnarzt-praxis-biel.ch\/#\/schema\/logo\/image\/"}}]}},"_links":{"self":[{"href":"https:\/\/www.zahnarzt-praxis-biel.ch\/fr\/wp-json\/wp\/v2\/pages\/132","targetHints":{"allow":["GET"]}}],"collection":[{"href":"https:\/\/www.zahnarzt-praxis-biel.ch\/fr\/wp-json\/wp\/v2\/pages"}],"about":[{"href":"https:\/\/www.zahnarzt-praxis-biel.ch\/fr\/wp-json\/wp\/v2\/types\/page"}],"author":[{"embeddable":true,"href":"https:\/\/www.zahnarzt-praxis-biel.ch\/fr\/wp-json\/wp\/v2\/users\/1"}],"replies":[{"embeddable":true,"href":"https:\/\/www.zahnarzt-praxis-biel.ch\/fr\/wp-json\/wp\/v2\/comments?post=132"}],"version-history":[{"count":85,"href":"https:\/\/www.zahnarzt-praxis-biel.ch\/fr\/wp-json\/wp\/v2\/pages\/132\/revisions"}],"predecessor-version":[{"id":1596,"href":"https:\/\/www.zahnarzt-praxis-biel.ch\/fr\/wp-json\/wp\/v2\/pages\/132\/revisions\/1596"}],"wp:attachment":[{"href":"https:\/\/www.zahnarzt-praxis-biel.ch\/fr\/wp-json\/wp\/v2\/media?parent=132"}],"curies":[{"name":"wp","href":"https:\/\/api.w.org\/{rel}","templated":true}]}}