{"id":1019,"date":"2021-04-19T09:14:31","date_gmt":"2021-04-19T09:14:31","guid":{"rendered":"https:\/\/www.zahnarzt-praxis-biel.ch\/?page_id=1019"},"modified":"2025-08-07T08:22:46","modified_gmt":"2025-08-07T08:22:46","slug":"dr-miroslaw-miskiewicz","status":"publish","type":"page","link":"https:\/\/www.zahnarzt-praxis-biel.ch\/fr\/dr-miroslaw-miskiewicz\/","title":{"rendered":"Dr Miroslaw Miskiewicz"},"content":{"rendered":"<section class=\"l-section wpb_row us_custom_8535c5f4 height_huge\"><div class=\"l-section-h i-cf\"><div class=\"g-cols vc_row via_flex valign_top type_default stacking_default\"><div class=\"vc_col-sm-6 wpb_column vc_column_container\"><div class=\"vc_column-inner\"><div class=\"wpb_wrapper\"><div class=\"w-image style_shadow-1 align_center\"><div class=\"w-image-h\"><img decoding=\"async\" width=\"1200\" height=\"834\" src=\"https:\/\/www.zahnarzt-praxis-biel.ch\/wp-content\/uploads\/2021\/01\/Miroslaw-Miskiewicz.jpg\" class=\"attachment-full size-full\" alt=\"\" loading=\"lazy\" srcset=\"https:\/\/www.zahnarzt-praxis-biel.ch\/wp-content\/uploads\/2021\/01\/Miroslaw-Miskiewicz.jpg 1200w, https:\/\/www.zahnarzt-praxis-biel.ch\/wp-content\/uploads\/2021\/01\/Miroslaw-Miskiewicz-300x209.jpg 300w, https:\/\/www.zahnarzt-praxis-biel.ch\/wp-content\/uploads\/2021\/01\/Miroslaw-Miskiewicz-1024x712.jpg 1024w\" sizes=\"auto, (max-width: 1200px) 100vw, 1200px\" \/><\/div><\/div><\/div><\/div><\/div><div class=\"vc_col-sm-6 wpb_column vc_column_container\"><div class=\"vc_column-inner\"><div class=\"wpb_wrapper\"><div class=\"w-image style_shadow-1 align_center\"><div class=\"w-image-h\"><img decoding=\"async\" width=\"1920\" height=\"1350\" src=\"https:\/\/www.zahnarzt-praxis-biel.ch\/wp-content\/uploads\/2021\/05\/diplom-dr-miskiewicz-header.jpg\" class=\"attachment-full size-full\" alt=\"\" loading=\"lazy\" srcset=\"https:\/\/www.zahnarzt-praxis-biel.ch\/wp-content\/uploads\/2021\/05\/diplom-dr-miskiewicz-header.jpg 1920w, https:\/\/www.zahnarzt-praxis-biel.ch\/wp-content\/uploads\/2021\/05\/diplom-dr-miskiewicz-header-300x211.jpg 300w, https:\/\/www.zahnarzt-praxis-biel.ch\/wp-content\/uploads\/2021\/05\/diplom-dr-miskiewicz-header-1024x720.jpg 1024w\" sizes=\"auto, (max-width: 1920px) 100vw, 1920px\" \/><\/div><\/div><\/div><\/div><\/div><\/div><\/div><\/section><section class=\"l-section wpb_row height_huge\"><div class=\"l-section-h i-cf\"><div class=\"g-cols vc_row via_flex valign_top type_default stacking_default\"><div class=\"vc_col-sm-12 wpb_column vc_column_container\"><div class=\"vc_column-inner\"><div class=\"wpb_wrapper\"><div class=\"wpb_text_column\"><div class=\"wpb_wrapper\"><h1 style=\"text-align: left;\">Dr. med. dent. Miroslaw Miskiewicz<\/h1>\n<\/div><\/div><div class=\"wpb_text_column\"><div class=\"wpb_wrapper\"><h2>Formation<\/h2>\n<\/div><\/div><div class=\"g-cols wpb_row via_flex valign_top type_default stacking_default\"><div class=\"vc_col-sm-3 wpb_column vc_column_container\"><div class=\"vc_column-inner\"><div class=\"wpb_wrapper\"><div class=\"wpb_text_column\"><div class=\"wpb_wrapper\"><p><strong>Mars 2025<\/strong><\/p>\n<\/div><\/div><\/div><\/div><\/div><div class=\"vc_col-sm-9 wpb_column vc_column_container\"><div class=\"vc_column-inner\"><div class=\"wpb_wrapper\"><div class=\"wpb_text_column\"><div class=\"wpb_wrapper\"><p>Master en orthodontie \u00e0 l&rsquo;Universit\u00e9 DTMD, Wiltz Luxembourg<\/p>\n<\/div><\/div><\/div><\/div><\/div><\/div><div class=\"w-separator size_small\"><\/div><div class=\"g-cols wpb_row via_flex valign_top type_default stacking_default\"><div class=\"vc_col-sm-3 wpb_column vc_column_container\"><div class=\"vc_column-inner\"><div class=\"wpb_wrapper\"><div class=\"wpb_text_column\"><div class=\"wpb_wrapper\"><p><strong>Fev. 2022<\/strong><\/p>\n<\/div><\/div><\/div><\/div><\/div><div class=\"vc_col-sm-9 wpb_column vc_column_container\"><div class=\"vc_column-inner\"><div class=\"wpb_wrapper\"><div class=\"wpb_text_column\"><div class=\"wpb_wrapper\"><p>Curriculum en orthodontie, Prof Dr Martin Sander, Frankfurt am Main Allemagne<\/p>\n<\/div><\/div><\/div><\/div><\/div><\/div><div class=\"w-separator size_small\"><\/div><div class=\"g-cols wpb_row via_flex valign_top type_default stacking_default\"><div class=\"vc_col-sm-3 wpb_column vc_column_container\"><div class=\"vc_column-inner\"><div class=\"wpb_wrapper\"><div class=\"wpb_text_column\"><div class=\"wpb_wrapper\"><p><strong>Nov. 2019<\/strong><\/p>\n<\/div><\/div><\/div><\/div><\/div><div class=\"vc_col-sm-9 wpb_column vc_column_container\"><div class=\"vc_column-inner\"><div class=\"wpb_wrapper\"><div class=\"wpb_text_column\"><div class=\"wpb_wrapper\"><p>Master en implantologie et parodontologie, Steinbeis-Hochschule Berlin Allemagne<\/p>\n<\/div><\/div><\/div><\/div><\/div><\/div><div class=\"w-separator size_small\"><\/div><div class=\"g-cols wpb_row via_flex valign_top type_default stacking_default\"><div class=\"vc_col-sm-3 wpb_column vc_column_container\"><div class=\"vc_column-inner\"><div class=\"wpb_wrapper\"><div class=\"wpb_text_column\"><div class=\"wpb_wrapper\"><p><strong>Nov. 2017<\/strong><\/p>\n<\/div><\/div><\/div><\/div><\/div><div class=\"vc_col-sm-9 wpb_column vc_column_container\"><div class=\"vc_column-inner\"><div class=\"wpb_wrapper\"><div class=\"wpb_text_column\"><div class=\"wpb_wrapper\"><p>Curriculum en implantologie et parodontologie, Steinbeis-Hochschule Berlin Allemagne<\/p>\n<\/div><\/div><\/div><\/div><\/div><\/div><div class=\"w-separator size_small\"><\/div><div class=\"g-cols wpb_row via_flex valign_top type_default stacking_default\"><div class=\"vc_col-sm-3 wpb_column vc_column_container\"><div class=\"vc_column-inner\"><div class=\"wpb_wrapper\"><div class=\"wpb_text_column\"><div class=\"wpb_wrapper\"><p><strong>D\u00e9c. 2016<\/strong><\/p>\n<\/div><\/div><\/div><\/div><\/div><div class=\"vc_col-sm-9 wpb_column vc_column_container\"><div class=\"vc_column-inner\"><div class=\"wpb_wrapper\"><div class=\"wpb_text_column\"><div class=\"wpb_wrapper\"><p>Formation en tomographie volumique num\u00e9rique, Soci\u00e9t\u00e9 suisse de radiologie dentaire et maxillo-faciale (SSRDMF)<\/p>\n<\/div><\/div><\/div><\/div><\/div><\/div><div class=\"w-separator size_small\"><\/div><div class=\"g-cols wpb_row via_flex valign_top type_default stacking_default\"><div class=\"vc_col-sm-3 wpb_column vc_column_container\"><div class=\"vc_column-inner\"><div class=\"wpb_wrapper\"><div class=\"wpb_text_column\"><div class=\"wpb_wrapper\"><p><strong>Nov. 2006 \u2013 D\u00e9c. 2009<\/strong><\/p>\n<\/div><\/div><\/div><\/div><\/div><div class=\"vc_col-sm-9 wpb_column vc_column_container\"><div class=\"vc_column-inner\"><div class=\"wpb_wrapper\"><div class=\"wpb_text_column\"><div class=\"wpb_wrapper\"><p>Doctorat \u00e0 la clinique de reconstruction chirurgicale dentaire et faciale \u00e0 l\u2019H\u00f4pital Universitaire de B\u00e2le sous la direction du Professeur Dr. Hans-Florian Zeilhofer<\/p>\n<\/div><\/div><\/div><\/div><\/div><\/div><div class=\"w-separator size_small\"><\/div><div class=\"g-cols wpb_row via_flex valign_top type_default stacking_default\"><div class=\"vc_col-sm-3 wpb_column vc_column_container\"><div class=\"vc_column-inner\"><div class=\"wpb_wrapper\"><div class=\"wpb_text_column\"><div class=\"wpb_wrapper\"><p><strong>Oct. 1999 \u2013 Oct. 2006<\/strong><\/p>\n<\/div><\/div><\/div><\/div><\/div><div class=\"vc_col-sm-9 wpb_column vc_column_container\"><div class=\"vc_column-inner\"><div class=\"wpb_wrapper\"><div class=\"wpb_text_column\"><div class=\"wpb_wrapper\"><p>\u00c9tudes de m\u00e9decine dentaire \u00e0 l\u2019Universit\u00e9 de B\u00e2le<\/p>\n<\/div><\/div><\/div><\/div><\/div><\/div><div class=\"w-separator size_small\"><\/div><div class=\"g-cols wpb_row via_flex valign_top type_default stacking_default\"><div class=\"vc_col-sm-3 wpb_column vc_column_container\"><div class=\"vc_column-inner\"><div class=\"wpb_wrapper\"><div class=\"wpb_text_column\"><div class=\"wpb_wrapper\"><p><strong>Sept. 1998<\/strong><\/p>\n<\/div><\/div><\/div><\/div><\/div><div class=\"vc_col-sm-9 wpb_column vc_column_container\"><div class=\"vc_column-inner\"><div class=\"wpb_wrapper\"><div class=\"wpb_text_column\"><div class=\"wpb_wrapper\"><p>Baccalaur\u00e9at, dipl\u00f4me f\u00e9d\u00e9ral de type C<\/p>\n<\/div><\/div><\/div><\/div><\/div><\/div><div class=\"w-separator size_huge\"><\/div><div class=\"wpb_text_column\"><div class=\"wpb_wrapper\"><h2>Pratique<\/h2>\n<\/div><\/div><div class=\"g-cols wpb_row via_flex valign_top type_default stacking_default\"><div class=\"vc_col-sm-3 wpb_column vc_column_container\"><div class=\"vc_column-inner\"><div class=\"wpb_wrapper\"><div class=\"wpb_text_column\"><div class=\"wpb_wrapper\"><p><strong>F\u00e9v. 2016<\/strong><\/p>\n<\/div><\/div><\/div><\/div><\/div><div class=\"vc_col-sm-9 wpb_column vc_column_container\"><div class=\"vc_column-inner\"><div class=\"wpb_wrapper\"><div class=\"wpb_text_column\"><div class=\"wpb_wrapper\"><p>Reprise du cabinet dentaire de M. Dr. med. dent. Miran Yeromian \u00e0 Bienne (BE)<\/p>\n<\/div><\/div><\/div><\/div><\/div><\/div><div class=\"w-separator size_small\"><\/div><div class=\"g-cols wpb_row via_flex valign_top type_default stacking_default\"><div class=\"vc_col-sm-3 wpb_column vc_column_container\"><div class=\"vc_column-inner\"><div class=\"wpb_wrapper\"><div class=\"wpb_text_column\"><div class=\"wpb_wrapper\"><p><strong>Mai 2015 \u2013 Jan. 2016<\/strong><\/p>\n<\/div><\/div><\/div><\/div><\/div><div class=\"vc_col-sm-9 wpb_column vc_column_container\"><div class=\"vc_column-inner\"><div class=\"wpb_wrapper\"><div class=\"wpb_text_column\"><div class=\"wpb_wrapper\"><p>M\u00e9decin dentiste assistant au cabinet dentaire de M. Dr. med. dent. Christian Kallenberger et M. Dr. med. dent. Karahan Devisoglu \u00e0 B\u00e2le (BS), sp\u00e9cialis\u00e9 en chirurgie orale<\/p>\n<\/div><\/div><\/div><\/div><\/div><\/div><div class=\"w-separator size_small\"><\/div><div class=\"g-cols wpb_row via_flex valign_top type_default stacking_default\"><div class=\"vc_col-sm-3 wpb_column vc_column_container\"><div class=\"vc_column-inner\"><div class=\"wpb_wrapper\"><div class=\"wpb_text_column\"><div class=\"wpb_wrapper\"><p><strong>Jan. 2013 \u2013 Mars 2015<\/strong><\/p>\n<\/div><\/div><\/div><\/div><\/div><div class=\"vc_col-sm-9 wpb_column vc_column_container\"><div class=\"vc_column-inner\"><div class=\"wpb_wrapper\"><div class=\"wpb_text_column\"><div class=\"wpb_wrapper\"><p>M\u00e9decin dentiste assistant au cabinet dentaire de M. Dr. med. dent. Daniel Jaggi, m\u00e9decin sp\u00e9cialiste en chirurgie orale \u00e0 Ettingen (BL)<\/p>\n<\/div><\/div><\/div><\/div><\/div><\/div><div class=\"w-separator size_small\"><\/div><div class=\"g-cols wpb_row via_flex valign_top type_default stacking_default\"><div class=\"vc_col-sm-3 wpb_column vc_column_container\"><div class=\"vc_column-inner\"><div class=\"wpb_wrapper\"><div class=\"wpb_text_column\"><div class=\"wpb_wrapper\"><p><strong>Ao\u00fbt 2011 \u2013 F\u00e9v. 2016<\/strong><\/p>\n<\/div><\/div><\/div><\/div><\/div><div class=\"vc_col-sm-9 wpb_column vc_column_container\"><div class=\"vc_column-inner\"><div class=\"wpb_wrapper\"><div class=\"wpb_text_column\"><div class=\"wpb_wrapper\"><p>M\u00e9decin dentiste attitr\u00e9 et responsable du cabinet dentaire de M. med. dent. Benjamin Domdey \u00e0 Granges (SO)<\/p>\n<\/div><\/div><\/div><\/div><\/div><\/div><div class=\"w-separator size_small\"><\/div><div class=\"g-cols wpb_row via_flex valign_top type_default stacking_default\"><div class=\"vc_col-sm-3 wpb_column vc_column_container\"><div class=\"vc_column-inner\"><div class=\"wpb_wrapper\"><div class=\"wpb_text_column\"><div class=\"wpb_wrapper\"><p><strong>Ao\u00fbt 2007 \u2013 Jui. 2011<\/strong><\/p>\n<\/div><\/div><\/div><\/div><\/div><div class=\"vc_col-sm-9 wpb_column vc_column_container\"><div class=\"vc_column-inner\"><div class=\"wpb_wrapper\"><div class=\"wpb_text_column\"><div class=\"wpb_wrapper\"><p>M\u00e9decin dentiste assistant au cabinet dentaire de M. Dr. med. dent. Necdet Altinbas \u00e0 Arbon (TG)<\/p>\n<\/div><\/div><\/div><\/div><\/div><\/div><div class=\"w-separator size_small\"><\/div><div class=\"g-cols wpb_row via_flex valign_top type_default stacking_default\"><div class=\"vc_col-sm-3 wpb_column vc_column_container\"><div class=\"vc_column-inner\"><div class=\"wpb_wrapper\"><div class=\"wpb_text_column\"><div class=\"wpb_wrapper\"><p><strong>Mai 2007 \u2013 Jui. 2007<\/strong><\/p>\n<\/div><\/div><\/div><\/div><\/div><div class=\"vc_col-sm-9 wpb_column vc_column_container\"><div class=\"vc_column-inner\"><div class=\"wpb_wrapper\"><div class=\"wpb_text_column\"><div class=\"wpb_wrapper\"><p>M\u00e9decin dentiste assistant au cabinet dentaire de Mme. med. dent. Gabriella Gut \u00e0 Baden (AG)<\/p>\n<\/div><\/div><\/div><\/div><\/div><\/div><div class=\"w-separator size_small\"><\/div><\/div><\/div><\/div><\/div><\/div><\/section>\n","protected":false},"excerpt":{"rendered":"Dr. med. dent. Miroslaw Miskiewicz Formation Mars 2025 Master en orthodontie \u00e0 l&rsquo;Universit\u00e9 DTMD, Wiltz Luxembourg Fev. 2022 Curriculum en orthodontie, Prof Dr Martin Sander, Frankfurt am Main Allemagne Nov. 2019 Master en implantologie et parodontologie, Steinbeis-Hochschule Berlin Allemagne Nov. 2017 Curriculum en implantologie et parodontologie, Steinbeis-Hochschule Berlin Allemagne D\u00e9c. 2016 Formation en tomographie volumique...","protected":false},"author":1,"featured_media":0,"parent":0,"menu_order":0,"comment_status":"closed","ping_status":"closed","template":"","meta":{"footnotes":""},"class_list":["post-1019","page","type-page","status-publish","hentry"],"yoast_head":"<!-- This site is optimized with the Yoast SEO plugin v25.7 - https:\/\/yoast.com\/wordpress\/plugins\/seo\/ -->\n<title>Dr Miroslaw Miskiewicz - Zahnarzt Praxis Biel Dr. Miskiewicz<\/title>\n<meta name=\"robots\" content=\"index, follow, max-snippet:-1, max-image-preview:large, max-video-preview:-1\" \/>\n<link rel=\"canonical\" href=\"https:\/\/www.zahnarzt-praxis-biel.ch\/fr\/dr-miroslaw-miskiewicz\/\" \/>\n<meta property=\"og:locale\" content=\"fr_FR\" \/>\n<meta property=\"og:type\" content=\"article\" \/>\n<meta property=\"og:title\" content=\"Dr Miroslaw Miskiewicz - Zahnarzt Praxis Biel Dr. Miskiewicz\" \/>\n<meta property=\"og:url\" content=\"https:\/\/www.zahnarzt-praxis-biel.ch\/fr\/dr-miroslaw-miskiewicz\/\" \/>\n<meta property=\"og:site_name\" content=\"Zahnarzt Praxis Biel Dr. Miskiewicz\" \/>\n<meta property=\"article:modified_time\" content=\"2025-08-07T08:22:46+00:00\" \/>\n<meta name=\"twitter:card\" content=\"summary_large_image\" \/>\n<meta name=\"twitter:label1\" content=\"Dur\u00e9e de lecture estim\u00e9e\" \/>\n\t<meta name=\"twitter:data1\" content=\"4 minutes\" \/>\n<script type=\"application\/ld+json\" class=\"yoast-schema-graph\">{\"@context\":\"https:\/\/schema.org\",\"@graph\":[{\"@type\":\"WebPage\",\"@id\":\"https:\/\/www.zahnarzt-praxis-biel.ch\/fr\/dr-miroslaw-miskiewicz\/\",\"url\":\"https:\/\/www.zahnarzt-praxis-biel.ch\/fr\/dr-miroslaw-miskiewicz\/\",\"name\":\"Dr Miroslaw Miskiewicz - Zahnarzt Praxis Biel Dr. Miskiewicz\",\"isPartOf\":{\"@id\":\"https:\/\/www.zahnarzt-praxis-biel.ch\/#website\"},\"datePublished\":\"2021-04-19T09:14:31+00:00\",\"dateModified\":\"2025-08-07T08:22:46+00:00\",\"breadcrumb\":{\"@id\":\"https:\/\/www.zahnarzt-praxis-biel.ch\/fr\/dr-miroslaw-miskiewicz\/#breadcrumb\"},\"inLanguage\":\"fr-FR\",\"potentialAction\":[{\"@type\":\"ReadAction\",\"target\":[\"https:\/\/www.zahnarzt-praxis-biel.ch\/fr\/dr-miroslaw-miskiewicz\/\"]}]},{\"@type\":\"BreadcrumbList\",\"@id\":\"https:\/\/www.zahnarzt-praxis-biel.ch\/fr\/dr-miroslaw-miskiewicz\/#breadcrumb\",\"itemListElement\":[{\"@type\":\"ListItem\",\"position\":1,\"name\":\"Startseite\",\"item\":\"https:\/\/www.zahnarzt-praxis-biel.ch\/fr\/\"},{\"@type\":\"ListItem\",\"position\":2,\"name\":\"Dr Miroslaw Miskiewicz\"}]},{\"@type\":\"WebSite\",\"@id\":\"https:\/\/www.zahnarzt-praxis-biel.ch\/#website\",\"url\":\"https:\/\/www.zahnarzt-praxis-biel.ch\/\",\"name\":\"Zahnarzt Praxis Biel Dr. Miskiewicz\",\"description\":\"\",\"publisher\":{\"@id\":\"https:\/\/www.zahnarzt-praxis-biel.ch\/#organization\"},\"potentialAction\":[{\"@type\":\"SearchAction\",\"target\":{\"@type\":\"EntryPoint\",\"urlTemplate\":\"https:\/\/www.zahnarzt-praxis-biel.ch\/?s={search_term_string}\"},\"query-input\":{\"@type\":\"PropertyValueSpecification\",\"valueRequired\":true,\"valueName\":\"search_term_string\"}}],\"inLanguage\":\"fr-FR\"},{\"@type\":\"Organization\",\"@id\":\"https:\/\/www.zahnarzt-praxis-biel.ch\/#organization\",\"name\":\"Zahnarzt Praxis Biel Dr. Miskiewicz\",\"url\":\"https:\/\/www.zahnarzt-praxis-biel.ch\/\",\"logo\":{\"@type\":\"ImageObject\",\"inLanguage\":\"fr-FR\",\"@id\":\"https:\/\/www.zahnarzt-praxis-biel.ch\/#\/schema\/logo\/image\/\",\"url\":\"https:\/\/www.zahnarzt-praxis-biel.ch\/wp-content\/uploads\/2021\/01\/logo-dr-miskiewicz.png\",\"contentUrl\":\"https:\/\/www.zahnarzt-praxis-biel.ch\/wp-content\/uploads\/2021\/01\/logo-dr-miskiewicz.png\",\"width\":804,\"height\":160,\"caption\":\"Zahnarzt Praxis Biel Dr. Miskiewicz\"},\"image\":{\"@id\":\"https:\/\/www.zahnarzt-praxis-biel.ch\/#\/schema\/logo\/image\/\"}}]}<\/script>\n<!-- \/ Yoast SEO plugin. -->","yoast_head_json":{"title":"Dr Miroslaw Miskiewicz - Zahnarzt Praxis Biel Dr. Miskiewicz","robots":{"index":"index","follow":"follow","max-snippet":"max-snippet:-1","max-image-preview":"max-image-preview:large","max-video-preview":"max-video-preview:-1"},"canonical":"https:\/\/www.zahnarzt-praxis-biel.ch\/fr\/dr-miroslaw-miskiewicz\/","og_locale":"fr_FR","og_type":"article","og_title":"Dr Miroslaw Miskiewicz - Zahnarzt Praxis Biel Dr. Miskiewicz","og_url":"https:\/\/www.zahnarzt-praxis-biel.ch\/fr\/dr-miroslaw-miskiewicz\/","og_site_name":"Zahnarzt Praxis Biel Dr. Miskiewicz","article_modified_time":"2025-08-07T08:22:46+00:00","twitter_card":"summary_large_image","twitter_misc":{"Dur\u00e9e de lecture estim\u00e9e":"4 minutes"},"schema":{"@context":"https:\/\/schema.org","@graph":[{"@type":"WebPage","@id":"https:\/\/www.zahnarzt-praxis-biel.ch\/fr\/dr-miroslaw-miskiewicz\/","url":"https:\/\/www.zahnarzt-praxis-biel.ch\/fr\/dr-miroslaw-miskiewicz\/","name":"Dr Miroslaw Miskiewicz - Zahnarzt Praxis Biel Dr. Miskiewicz","isPartOf":{"@id":"https:\/\/www.zahnarzt-praxis-biel.ch\/#website"},"datePublished":"2021-04-19T09:14:31+00:00","dateModified":"2025-08-07T08:22:46+00:00","breadcrumb":{"@id":"https:\/\/www.zahnarzt-praxis-biel.ch\/fr\/dr-miroslaw-miskiewicz\/#breadcrumb"},"inLanguage":"fr-FR","potentialAction":[{"@type":"ReadAction","target":["https:\/\/www.zahnarzt-praxis-biel.ch\/fr\/dr-miroslaw-miskiewicz\/"]}]},{"@type":"BreadcrumbList","@id":"https:\/\/www.zahnarzt-praxis-biel.ch\/fr\/dr-miroslaw-miskiewicz\/#breadcrumb","itemListElement":[{"@type":"ListItem","position":1,"name":"Startseite","item":"https:\/\/www.zahnarzt-praxis-biel.ch\/fr\/"},{"@type":"ListItem","position":2,"name":"Dr Miroslaw Miskiewicz"}]},{"@type":"WebSite","@id":"https:\/\/www.zahnarzt-praxis-biel.ch\/#website","url":"https:\/\/www.zahnarzt-praxis-biel.ch\/","name":"Zahnarzt Praxis Biel Dr. Miskiewicz","description":"","publisher":{"@id":"https:\/\/www.zahnarzt-praxis-biel.ch\/#organization"},"potentialAction":[{"@type":"SearchAction","target":{"@type":"EntryPoint","urlTemplate":"https:\/\/www.zahnarzt-praxis-biel.ch\/?s={search_term_string}"},"query-input":{"@type":"PropertyValueSpecification","valueRequired":true,"valueName":"search_term_string"}}],"inLanguage":"fr-FR"},{"@type":"Organization","@id":"https:\/\/www.zahnarzt-praxis-biel.ch\/#organization","name":"Zahnarzt Praxis Biel Dr. Miskiewicz","url":"https:\/\/www.zahnarzt-praxis-biel.ch\/","logo":{"@type":"ImageObject","inLanguage":"fr-FR","@id":"https:\/\/www.zahnarzt-praxis-biel.ch\/#\/schema\/logo\/image\/","url":"https:\/\/www.zahnarzt-praxis-biel.ch\/wp-content\/uploads\/2021\/01\/logo-dr-miskiewicz.png","contentUrl":"https:\/\/www.zahnarzt-praxis-biel.ch\/wp-content\/uploads\/2021\/01\/logo-dr-miskiewicz.png","width":804,"height":160,"caption":"Zahnarzt Praxis Biel Dr. Miskiewicz"},"image":{"@id":"https:\/\/www.zahnarzt-praxis-biel.ch\/#\/schema\/logo\/image\/"}}]}},"_links":{"self":[{"href":"https:\/\/www.zahnarzt-praxis-biel.ch\/fr\/wp-json\/wp\/v2\/pages\/1019","targetHints":{"allow":["GET"]}}],"collection":[{"href":"https:\/\/www.zahnarzt-praxis-biel.ch\/fr\/wp-json\/wp\/v2\/pages"}],"about":[{"href":"https:\/\/www.zahnarzt-praxis-biel.ch\/fr\/wp-json\/wp\/v2\/types\/page"}],"author":[{"embeddable":true,"href":"https:\/\/www.zahnarzt-praxis-biel.ch\/fr\/wp-json\/wp\/v2\/users\/1"}],"replies":[{"embeddable":true,"href":"https:\/\/www.zahnarzt-praxis-biel.ch\/fr\/wp-json\/wp\/v2\/comments?post=1019"}],"version-history":[{"count":17,"href":"https:\/\/www.zahnarzt-praxis-biel.ch\/fr\/wp-json\/wp\/v2\/pages\/1019\/revisions"}],"predecessor-version":[{"id":1609,"href":"https:\/\/www.zahnarzt-praxis-biel.ch\/fr\/wp-json\/wp\/v2\/pages\/1019\/revisions\/1609"}],"wp:attachment":[{"href":"https:\/\/www.zahnarzt-praxis-biel.ch\/fr\/wp-json\/wp\/v2\/media?parent=1019"}],"curies":[{"name":"wp","href":"https:\/\/api.w.org\/{rel}","templated":true}]}}