{"id":1016,"date":"2021-04-19T09:11:19","date_gmt":"2021-04-19T09:11:19","guid":{"rendered":"https:\/\/www.zahnarzt-praxis-biel.ch\/?page_id=1016"},"modified":"2025-12-17T13:04:39","modified_gmt":"2025-12-17T13:04:39","slug":"orthodontie","status":"publish","type":"page","link":"https:\/\/www.zahnarzt-praxis-biel.ch\/fr\/orthodontie\/","title":{"rendered":"Orthodontie"},"content":{"rendered":"<section class=\"l-section wpb_row height_huge\"><div class=\"l-section-h i-cf\"><div class=\"g-cols vc_row via_flex valign_top type_default stacking_default\"><div class=\"vc_col-sm-12 wpb_column vc_column_container\"><div class=\"vc_column-inner\"><div class=\"wpb_wrapper\"><div class=\"wpb_text_column\"><div class=\"wpb_wrapper\"><h1 style=\"text-align: center;\">Orthodontie<\/h1>\n<\/div><\/div><div class=\"w-separator size_medium\"><\/div><div class=\"g-cols wpb_row via_flex valign_middle type_default reversed stacking_default\"><div class=\"vc_col-sm-4 wpb_column vc_column_container\"><div class=\"vc_column-inner\"><div class=\"wpb_wrapper\"><div class=\"w-image has_ratio align_none\"><div class=\"w-image-h\"><div style=\"padding-bottom:100%\"><\/div><img decoding=\"async\" width=\"1200\" height=\"800\" src=\"https:\/\/www.zahnarzt-praxis-biel.ch\/wp-content\/uploads\/2025\/10\/KFO-abnehmbar.jpg\" class=\"attachment-full size-full\" alt=\"\" loading=\"lazy\" \/><\/div><\/div><\/div><\/div><\/div><div class=\"vc_col-sm-8 wpb_column vc_column_container\"><div class=\"vc_column-inner\"><div class=\"wpb_wrapper\"><div class=\"wpb_text_column\"><div class=\"wpb_wrapper\"><h2>Appareils orthodontiques amovibles<\/h2>\n<p>Les appareils orthodontiques amovibles sont utilis\u00e9s dans les cas de malpositions dentaires mod\u00e9r\u00e9es \u00e0 s\u00e9v\u00e8res. Selon la gravit\u00e9, l\u2019\u00e2ge id\u00e9al pour le traitement des patients se situe entre 7 et 10 ans. Les raisons justifiant un traitement avec des appareils orthodontiques amovibles peuvent \u00eatre les suivantes :<\/p>\n<ul>\n<li>Manque de place caus\u00e9 par une m\u00e2choire sup\u00e9rieure et\/ou inf\u00e9rieure trop \u00e9troite<\/li>\n<li>Mauvaise position des m\u00e2choires l\u2019une par rapport \u00e0 l\u2019autre : la m\u00e2choire inf\u00e9rieure est trop en arri\u00e8re ou trop en avant par rapport \u00e0 la m\u00e2choire sup\u00e9rieure<\/li>\n<li>M\u00e2choire sup\u00e9rieure plus \u00e9troite que la m\u00e2choire inf\u00e9rieure<\/li>\n<\/ul>\n<p>Les malpositions dentaires ou maxillaires sont trait\u00e9es pr\u00e9cocement \u00e0 l\u2019aide d\u2019appareils amovibles d\u2019orthodontie fonctionnelle afin d\u2019influencer positivement la croissance maxillaire.<\/p>\n<\/div><\/div><\/div><\/div><\/div><\/div><div class=\"w-separator size_large\"><\/div><div class=\"g-cols wpb_row via_flex valign_middle type_default reversed stacking_default\"><div class=\"vc_col-sm-4 wpb_column vc_column_container\"><div class=\"vc_column-inner\"><div class=\"wpb_wrapper\"><div class=\"w-image has_ratio align_none\"><div class=\"w-image-h\"><div style=\"padding-bottom:100%\"><\/div><img decoding=\"async\" width=\"1200\" height=\"795\" src=\"https:\/\/www.zahnarzt-praxis-biel.ch\/wp-content\/uploads\/2025\/10\/KFO-festsitzend.jpg\" class=\"attachment-full size-full\" alt=\"\" loading=\"lazy\" \/><\/div><\/div><\/div><\/div><\/div><div class=\"vc_col-sm-8 wpb_column vc_column_container\"><div class=\"vc_column-inner\"><div class=\"wpb_wrapper\"><div class=\"wpb_text_column\"><div class=\"wpb_wrapper\"><h2>Appareils orthodontiques fixes<\/h2>\n<p>Les appareils orthodontiques fixes sont utilis\u00e9s pour traiter les malpositions dentaires mod\u00e9r\u00e9es \u00e0 s\u00e9v\u00e8res.<br \/>\nSi les m\u00e2choires disposent de suffisamment d\u2019espace, un traitement avec un appareil fixe (appareil multi-attaches) suffit. Les dents mal positionn\u00e9es dans la m\u00e2choire sup\u00e9rieure et\/ou inf\u00e9rieure sont corrig\u00e9es par un traitement orthodontique pur.<\/p>\n<p>Dans de nombreux cas, il est n\u00e9cessaire et judicieux de combiner les deux m\u00e9thodes de traitement.<\/p>\n<\/div><\/div><\/div><\/div><\/div><\/div><\/div><\/div><\/div><\/div><\/div><\/section><section class=\"l-section wpb_row height_huge color_alternate\"><div class=\"l-section-h i-cf\"><div class=\"g-cols vc_row via_flex valign_middle type_default stacking_default\"><div class=\"vc_col-sm-6 wpb_column vc_column_container\"><div class=\"vc_column-inner\"><div class=\"wpb_wrapper\"><div class=\"wpb_text_column us_custom_f03ee871 dropcap\"><div class=\"wpb_wrapper\"><h2>Invisalign<\/h2>\n<p>Les aligneurs Invisalign sont des aligneurs en plastique transparent qui permettent de corriger un d\u00e9salignement dentaire l\u00e9ger ou mod\u00e9r\u00e9. La th\u00e9rapie par aligneurs est particuli\u00e8rement appr\u00e9ci\u00e9e des patients car les aligneurs sont transparents et donc presque invisibles. De plus, les patients ont la possibilit\u00e9 de voir le r\u00e9sultat final avant le d\u00e9but du traitement gr\u00e2ce aux technologies les plus r\u00e9centes.<\/p>\n<\/div><\/div><\/div><\/div><\/div><div class=\"vc_col-sm-6 wpb_column vc_column_container\"><div class=\"vc_column-inner\"><div class=\"wpb_wrapper\"><div class=\"w-image has_ratio align_none\"><div class=\"w-image-h\"><div style=\"padding-bottom:56.25%\"><\/div><img decoding=\"async\" width=\"1280\" height=\"1280\" src=\"https:\/\/www.zahnarzt-praxis-biel.ch\/wp-content\/uploads\/2021\/03\/Foto-Invisalign.png\" class=\"attachment-full size-full\" alt=\"\" loading=\"lazy\" \/><\/div><\/div><\/div><\/div><\/div><\/div><\/div><\/section>\n","protected":false},"excerpt":{"rendered":"Orthodontie Appareils orthodontiques amovibles Les appareils orthodontiques amovibles sont utilis\u00e9s dans les cas de malpositions dentaires mod\u00e9r\u00e9es \u00e0 s\u00e9v\u00e8res. Selon la gravit\u00e9, l\u2019\u00e2ge id\u00e9al pour le traitement des patients se situe entre 7 et 10 ans. Les raisons justifiant un traitement avec des appareils orthodontiques amovibles peuvent \u00eatre les suivantes : Manque de place caus\u00e9...","protected":false},"author":1,"featured_media":0,"parent":0,"menu_order":0,"comment_status":"closed","ping_status":"closed","template":"","meta":{"footnotes":""},"class_list":["post-1016","page","type-page","status-publish","hentry"],"yoast_head":"<!-- This site is optimized with the Yoast SEO plugin v25.7 - https:\/\/yoast.com\/wordpress\/plugins\/seo\/ -->\n<title>Orthodontie - Zahnarzt Praxis Biel Dr. Miskiewicz<\/title>\n<meta name=\"robots\" content=\"index, follow, max-snippet:-1, max-image-preview:large, max-video-preview:-1\" \/>\n<link rel=\"canonical\" href=\"https:\/\/www.zahnarzt-praxis-biel.ch\/fr\/orthodontie\/\" \/>\n<meta property=\"og:locale\" content=\"fr_FR\" \/>\n<meta property=\"og:type\" content=\"article\" \/>\n<meta property=\"og:title\" content=\"Orthodontie - Zahnarzt Praxis Biel Dr. Miskiewicz\" \/>\n<meta property=\"og:url\" content=\"https:\/\/www.zahnarzt-praxis-biel.ch\/fr\/orthodontie\/\" \/>\n<meta property=\"og:site_name\" content=\"Zahnarzt Praxis Biel Dr. Miskiewicz\" \/>\n<meta property=\"article:modified_time\" content=\"2025-12-17T13:04:39+00:00\" \/>\n<meta name=\"twitter:card\" content=\"summary_large_image\" \/>\n<meta name=\"twitter:label1\" content=\"Dur\u00e9e de lecture estim\u00e9e\" \/>\n\t<meta name=\"twitter:data1\" content=\"2 minutes\" \/>\n<script type=\"application\/ld+json\" class=\"yoast-schema-graph\">{\"@context\":\"https:\/\/schema.org\",\"@graph\":[{\"@type\":\"WebPage\",\"@id\":\"https:\/\/www.zahnarzt-praxis-biel.ch\/fr\/orthodontie\/\",\"url\":\"https:\/\/www.zahnarzt-praxis-biel.ch\/fr\/orthodontie\/\",\"name\":\"Orthodontie - Zahnarzt Praxis Biel Dr. Miskiewicz\",\"isPartOf\":{\"@id\":\"https:\/\/www.zahnarzt-praxis-biel.ch\/#website\"},\"datePublished\":\"2021-04-19T09:11:19+00:00\",\"dateModified\":\"2025-12-17T13:04:39+00:00\",\"breadcrumb\":{\"@id\":\"https:\/\/www.zahnarzt-praxis-biel.ch\/fr\/orthodontie\/#breadcrumb\"},\"inLanguage\":\"fr-FR\",\"potentialAction\":[{\"@type\":\"ReadAction\",\"target\":[\"https:\/\/www.zahnarzt-praxis-biel.ch\/fr\/orthodontie\/\"]}]},{\"@type\":\"BreadcrumbList\",\"@id\":\"https:\/\/www.zahnarzt-praxis-biel.ch\/fr\/orthodontie\/#breadcrumb\",\"itemListElement\":[{\"@type\":\"ListItem\",\"position\":1,\"name\":\"Startseite\",\"item\":\"https:\/\/www.zahnarzt-praxis-biel.ch\/fr\/\"},{\"@type\":\"ListItem\",\"position\":2,\"name\":\"Orthodontie\"}]},{\"@type\":\"WebSite\",\"@id\":\"https:\/\/www.zahnarzt-praxis-biel.ch\/#website\",\"url\":\"https:\/\/www.zahnarzt-praxis-biel.ch\/\",\"name\":\"Zahnarzt Praxis Biel Dr. Miskiewicz\",\"description\":\"\",\"publisher\":{\"@id\":\"https:\/\/www.zahnarzt-praxis-biel.ch\/#organization\"},\"potentialAction\":[{\"@type\":\"SearchAction\",\"target\":{\"@type\":\"EntryPoint\",\"urlTemplate\":\"https:\/\/www.zahnarzt-praxis-biel.ch\/?s={search_term_string}\"},\"query-input\":{\"@type\":\"PropertyValueSpecification\",\"valueRequired\":true,\"valueName\":\"search_term_string\"}}],\"inLanguage\":\"fr-FR\"},{\"@type\":\"Organization\",\"@id\":\"https:\/\/www.zahnarzt-praxis-biel.ch\/#organization\",\"name\":\"Zahnarzt Praxis Biel Dr. Miskiewicz\",\"url\":\"https:\/\/www.zahnarzt-praxis-biel.ch\/\",\"logo\":{\"@type\":\"ImageObject\",\"inLanguage\":\"fr-FR\",\"@id\":\"https:\/\/www.zahnarzt-praxis-biel.ch\/#\/schema\/logo\/image\/\",\"url\":\"https:\/\/www.zahnarzt-praxis-biel.ch\/wp-content\/uploads\/2021\/01\/logo-dr-miskiewicz.png\",\"contentUrl\":\"https:\/\/www.zahnarzt-praxis-biel.ch\/wp-content\/uploads\/2021\/01\/logo-dr-miskiewicz.png\",\"width\":804,\"height\":160,\"caption\":\"Zahnarzt Praxis Biel Dr. Miskiewicz\"},\"image\":{\"@id\":\"https:\/\/www.zahnarzt-praxis-biel.ch\/#\/schema\/logo\/image\/\"}}]}<\/script>\n<!-- \/ Yoast SEO plugin. -->","yoast_head_json":{"title":"Orthodontie - Zahnarzt Praxis Biel Dr. Miskiewicz","robots":{"index":"index","follow":"follow","max-snippet":"max-snippet:-1","max-image-preview":"max-image-preview:large","max-video-preview":"max-video-preview:-1"},"canonical":"https:\/\/www.zahnarzt-praxis-biel.ch\/fr\/orthodontie\/","og_locale":"fr_FR","og_type":"article","og_title":"Orthodontie - Zahnarzt Praxis Biel Dr. Miskiewicz","og_url":"https:\/\/www.zahnarzt-praxis-biel.ch\/fr\/orthodontie\/","og_site_name":"Zahnarzt Praxis Biel Dr. Miskiewicz","article_modified_time":"2025-12-17T13:04:39+00:00","twitter_card":"summary_large_image","twitter_misc":{"Dur\u00e9e de lecture estim\u00e9e":"2 minutes"},"schema":{"@context":"https:\/\/schema.org","@graph":[{"@type":"WebPage","@id":"https:\/\/www.zahnarzt-praxis-biel.ch\/fr\/orthodontie\/","url":"https:\/\/www.zahnarzt-praxis-biel.ch\/fr\/orthodontie\/","name":"Orthodontie - Zahnarzt Praxis Biel Dr. Miskiewicz","isPartOf":{"@id":"https:\/\/www.zahnarzt-praxis-biel.ch\/#website"},"datePublished":"2021-04-19T09:11:19+00:00","dateModified":"2025-12-17T13:04:39+00:00","breadcrumb":{"@id":"https:\/\/www.zahnarzt-praxis-biel.ch\/fr\/orthodontie\/#breadcrumb"},"inLanguage":"fr-FR","potentialAction":[{"@type":"ReadAction","target":["https:\/\/www.zahnarzt-praxis-biel.ch\/fr\/orthodontie\/"]}]},{"@type":"BreadcrumbList","@id":"https:\/\/www.zahnarzt-praxis-biel.ch\/fr\/orthodontie\/#breadcrumb","itemListElement":[{"@type":"ListItem","position":1,"name":"Startseite","item":"https:\/\/www.zahnarzt-praxis-biel.ch\/fr\/"},{"@type":"ListItem","position":2,"name":"Orthodontie"}]},{"@type":"WebSite","@id":"https:\/\/www.zahnarzt-praxis-biel.ch\/#website","url":"https:\/\/www.zahnarzt-praxis-biel.ch\/","name":"Zahnarzt Praxis Biel Dr. Miskiewicz","description":"","publisher":{"@id":"https:\/\/www.zahnarzt-praxis-biel.ch\/#organization"},"potentialAction":[{"@type":"SearchAction","target":{"@type":"EntryPoint","urlTemplate":"https:\/\/www.zahnarzt-praxis-biel.ch\/?s={search_term_string}"},"query-input":{"@type":"PropertyValueSpecification","valueRequired":true,"valueName":"search_term_string"}}],"inLanguage":"fr-FR"},{"@type":"Organization","@id":"https:\/\/www.zahnarzt-praxis-biel.ch\/#organization","name":"Zahnarzt Praxis Biel Dr. Miskiewicz","url":"https:\/\/www.zahnarzt-praxis-biel.ch\/","logo":{"@type":"ImageObject","inLanguage":"fr-FR","@id":"https:\/\/www.zahnarzt-praxis-biel.ch\/#\/schema\/logo\/image\/","url":"https:\/\/www.zahnarzt-praxis-biel.ch\/wp-content\/uploads\/2021\/01\/logo-dr-miskiewicz.png","contentUrl":"https:\/\/www.zahnarzt-praxis-biel.ch\/wp-content\/uploads\/2021\/01\/logo-dr-miskiewicz.png","width":804,"height":160,"caption":"Zahnarzt Praxis Biel Dr. Miskiewicz"},"image":{"@id":"https:\/\/www.zahnarzt-praxis-biel.ch\/#\/schema\/logo\/image\/"}}]}},"_links":{"self":[{"href":"https:\/\/www.zahnarzt-praxis-biel.ch\/fr\/wp-json\/wp\/v2\/pages\/1016","targetHints":{"allow":["GET"]}}],"collection":[{"href":"https:\/\/www.zahnarzt-praxis-biel.ch\/fr\/wp-json\/wp\/v2\/pages"}],"about":[{"href":"https:\/\/www.zahnarzt-praxis-biel.ch\/fr\/wp-json\/wp\/v2\/types\/page"}],"author":[{"embeddable":true,"href":"https:\/\/www.zahnarzt-praxis-biel.ch\/fr\/wp-json\/wp\/v2\/users\/1"}],"replies":[{"embeddable":true,"href":"https:\/\/www.zahnarzt-praxis-biel.ch\/fr\/wp-json\/wp\/v2\/comments?post=1016"}],"version-history":[{"count":26,"href":"https:\/\/www.zahnarzt-praxis-biel.ch\/fr\/wp-json\/wp\/v2\/pages\/1016\/revisions"}],"predecessor-version":[{"id":1677,"href":"https:\/\/www.zahnarzt-praxis-biel.ch\/fr\/wp-json\/wp\/v2\/pages\/1016\/revisions\/1677"}],"wp:attachment":[{"href":"https:\/\/www.zahnarzt-praxis-biel.ch\/fr\/wp-json\/wp\/v2\/media?parent=1016"}],"curies":[{"name":"wp","href":"https:\/\/api.w.org\/{rel}","templated":true}]}}