{"id":1008,"date":"2021-04-19T09:06:33","date_gmt":"2021-04-19T09:06:33","guid":{"rendered":"https:\/\/www.zahnarzt-praxis-biel.ch\/?page_id=1008"},"modified":"2024-12-12T14:22:35","modified_gmt":"2024-12-12T14:22:35","slug":"dentisterie-generale-et-chirurgie-dentaire","status":"publish","type":"page","link":"https:\/\/www.zahnarzt-praxis-biel.ch\/fr\/dentisterie-generale-et-chirurgie-dentaire\/","title":{"rendered":"Dentisterie g\u00e9n\u00e9rale et chirurgie dentaire"},"content":{"rendered":"<section class=\"l-section wpb_row height_huge\"><div class=\"l-section-h i-cf\"><div class=\"g-cols vc_row via_flex valign_top type_default stacking_default\"><div class=\"vc_col-sm-12 wpb_column vc_column_container\"><div class=\"vc_column-inner\"><div class=\"wpb_wrapper\"><div class=\"wpb_text_column\"><div class=\"wpb_wrapper\"><h1 style=\"text-align: center;\">Dentisterie g\u00e9n\u00e9rale et chirurgie dentaire<\/h1>\n<\/div><\/div><div class=\"w-separator size_medium\"><\/div><div class=\"g-cols wpb_row via_flex valign_middle type_default stacking_default\"><div class=\"vc_col-sm-6 wpb_column vc_column_container\"><div class=\"vc_column-inner\"><div class=\"wpb_wrapper\"><div class=\"w-image has_ratio align_none\"><div class=\"w-image-h\"><div style=\"padding-bottom:75%\"><\/div><img decoding=\"async\" width=\"2200\" height=\"1386\" src=\"https:\/\/www.zahnarzt-praxis-biel.ch\/wp-content\/uploads\/2021\/01\/Behandlungszimmer-1.jpg\" class=\"attachment-full size-full\" alt=\"\" loading=\"lazy\" \/><\/div><\/div><\/div><\/div><\/div><div class=\"vc_col-sm-6 wpb_column vc_column_container\"><div class=\"vc_column-inner\"><div class=\"wpb_wrapper\"><div class=\"wpb_text_column dropcap\"><div class=\"wpb_wrapper\"><p>Les docteurs Miskiewicz et Ruiz sont deux dentistes exp\u00e9riment\u00e9s, particuli\u00e8rement soucieux de r\u00e9pondre aux souhaits et aux besoins individuels des patients. Gr\u00e2ce \u00e0 une technologie de pointe, de nombreuses ann\u00e9es d\u2019exp\u00e9rience et des formations continues, nous sommes en mesure de proposer l\u2019\u00e9ventail complet des traitements en dentisterie.<\/p>\n<\/div><\/div><\/div><\/div><\/div><\/div><\/div><\/div><\/div><\/div><\/div><\/section><section class=\"l-section wpb_row height_huge color_alternate\"><div class=\"l-section-h i-cf\"><div class=\"g-cols vc_row via_flex valign_middle type_default stacking_default\"><div class=\"vc_col-sm-12 wpb_column vc_column_container\"><div class=\"vc_column-inner\"><div class=\"wpb_wrapper\"><div class=\"wpb_text_column\"><div class=\"wpb_wrapper\"><h2>Dentisterie g\u00e9n\u00e9rale:<\/h2>\n<ul>\n<li>Plombages en mat\u00e9riaux composites<\/li>\n<li>Endodontie (traitements du canal racinaire)<\/li>\n<li>Proth\u00e8ses fixes : Facettes, couronnes et ponts sur dents ou implants<\/li>\n<li>Proth\u00e8ses amovibles : Proth\u00e8ses compl\u00e8tes, proth\u00e8ses partielles avec crochets, proth\u00e8ses hybrides avec boutons de fixation sur implants<\/li>\n<li>Douleurs de l\u2019articulation temporo-mandibulaire : Protection par aligneurs dentaires pour la nuit<\/li>\n<li>Dentisterie du sommeil : Traitement du ronflement et de l\u2019apn\u00e9e du sommeil (diminution de l\u2019apport en oxyg\u00e8ne pendant le sommeil en raison du ronflement)<\/li>\n<li>Dentisterie p\u00e9diatrique et soins dentaires juv\u00e9niles<\/li>\n<li>Nettoyage professionnel des dents et prophylaxie. Nous vous conseillons individuellement sur votre hygi\u00e8ne buccale.<\/li>\n<li>Blanchiment (blanchiment esth\u00e9tique des dents)<\/li>\n<li>Gr\u00e2ce \u00e0 notre appareil CeRec (Ceramic Reconstruction) de pointe, nous sommes en mesure de cr\u00e9er et de placer imm\u00e9diatement des plombages en c\u00e9ramique, des facettes et des couronnes en une seule s\u00e9ance, ce qui \u00e9vite aux patients d\u2019avoir \u00e0 recourir \u00e0 des solutions provisoires pour combler les lacunes.<\/li>\n<\/ul>\n<\/div><\/div><\/div><\/div><\/div><\/div><\/div><\/section><section class=\"l-section wpb_row height_huge\"><div class=\"l-section-h i-cf\"><div class=\"g-cols vc_row via_flex valign_middle type_default stacking_default\"><div class=\"vc_col-sm-12 wpb_column vc_column_container\"><div class=\"vc_column-inner\"><div class=\"wpb_wrapper\"><div class=\"wpb_text_column\"><div class=\"wpb_wrapper\"><h2>Chirurgie dentaire:<\/h2>\n<ul>\n<li>Extraction des dents de sagesse : aussi bien les cas simples que les proc\u00e9dures hautement complexes pour les dents d\u00e9plac\u00e9es<\/li>\n<li>Apicoectomie : Suppression des inflammations \u00e0 l\u2019extr\u00e9mit\u00e9 de la racine<\/li>\n<li>Ablation chirurgicale de kystes et d\u2019abc\u00e8s<\/li>\n<li>Traitements de la muqueuse buccale<\/li>\n<\/ul>\n<\/div><\/div><\/div><\/div><\/div><\/div><\/div><\/section>\n","protected":false},"excerpt":{"rendered":"Dentisterie g\u00e9n\u00e9rale et chirurgie dentaire Les docteurs Miskiewicz et Ruiz sont deux dentistes exp\u00e9riment\u00e9s, particuli\u00e8rement soucieux de r\u00e9pondre aux souhaits et aux besoins individuels des patients. Gr\u00e2ce \u00e0 une technologie de pointe, de nombreuses ann\u00e9es d\u2019exp\u00e9rience et des formations continues, nous sommes en mesure de proposer l\u2019\u00e9ventail complet des traitements en dentisterie. Dentisterie g\u00e9n\u00e9rale: Plombages...","protected":false},"author":1,"featured_media":0,"parent":0,"menu_order":0,"comment_status":"closed","ping_status":"closed","template":"","meta":{"footnotes":""},"class_list":["post-1008","page","type-page","status-publish","hentry"],"yoast_head":"<!-- This site is optimized with the Yoast SEO plugin v25.7 - https:\/\/yoast.com\/wordpress\/plugins\/seo\/ -->\n<title>Dentisterie g\u00e9n\u00e9rale et chirurgie dentaire - Zahnarzt Praxis Biel Dr. Miskiewicz<\/title>\n<meta name=\"robots\" content=\"index, follow, max-snippet:-1, max-image-preview:large, max-video-preview:-1\" \/>\n<link rel=\"canonical\" href=\"https:\/\/www.zahnarzt-praxis-biel.ch\/fr\/dentisterie-generale-et-chirurgie-dentaire\/\" \/>\n<meta property=\"og:locale\" content=\"fr_FR\" \/>\n<meta property=\"og:type\" content=\"article\" \/>\n<meta property=\"og:title\" content=\"Dentisterie g\u00e9n\u00e9rale et chirurgie dentaire - Zahnarzt Praxis Biel Dr. Miskiewicz\" \/>\n<meta property=\"og:url\" content=\"https:\/\/www.zahnarzt-praxis-biel.ch\/fr\/dentisterie-generale-et-chirurgie-dentaire\/\" \/>\n<meta property=\"og:site_name\" content=\"Zahnarzt Praxis Biel Dr. Miskiewicz\" \/>\n<meta property=\"article:modified_time\" content=\"2024-12-12T14:22:35+00:00\" \/>\n<meta name=\"twitter:card\" content=\"summary_large_image\" \/>\n<meta name=\"twitter:label1\" content=\"Dur\u00e9e de lecture estim\u00e9e\" \/>\n\t<meta name=\"twitter:data1\" content=\"2 minutes\" \/>\n<script type=\"application\/ld+json\" class=\"yoast-schema-graph\">{\"@context\":\"https:\/\/schema.org\",\"@graph\":[{\"@type\":\"WebPage\",\"@id\":\"https:\/\/www.zahnarzt-praxis-biel.ch\/fr\/dentisterie-generale-et-chirurgie-dentaire\/\",\"url\":\"https:\/\/www.zahnarzt-praxis-biel.ch\/fr\/dentisterie-generale-et-chirurgie-dentaire\/\",\"name\":\"Dentisterie g\u00e9n\u00e9rale et chirurgie dentaire - Zahnarzt Praxis Biel Dr. Miskiewicz\",\"isPartOf\":{\"@id\":\"https:\/\/www.zahnarzt-praxis-biel.ch\/#website\"},\"datePublished\":\"2021-04-19T09:06:33+00:00\",\"dateModified\":\"2024-12-12T14:22:35+00:00\",\"breadcrumb\":{\"@id\":\"https:\/\/www.zahnarzt-praxis-biel.ch\/fr\/dentisterie-generale-et-chirurgie-dentaire\/#breadcrumb\"},\"inLanguage\":\"fr-FR\",\"potentialAction\":[{\"@type\":\"ReadAction\",\"target\":[\"https:\/\/www.zahnarzt-praxis-biel.ch\/fr\/dentisterie-generale-et-chirurgie-dentaire\/\"]}]},{\"@type\":\"BreadcrumbList\",\"@id\":\"https:\/\/www.zahnarzt-praxis-biel.ch\/fr\/dentisterie-generale-et-chirurgie-dentaire\/#breadcrumb\",\"itemListElement\":[{\"@type\":\"ListItem\",\"position\":1,\"name\":\"Startseite\",\"item\":\"https:\/\/www.zahnarzt-praxis-biel.ch\/fr\/\"},{\"@type\":\"ListItem\",\"position\":2,\"name\":\"Dentisterie g\u00e9n\u00e9rale et chirurgie dentaire\"}]},{\"@type\":\"WebSite\",\"@id\":\"https:\/\/www.zahnarzt-praxis-biel.ch\/#website\",\"url\":\"https:\/\/www.zahnarzt-praxis-biel.ch\/\",\"name\":\"Zahnarzt Praxis Biel Dr. Miskiewicz\",\"description\":\"\",\"publisher\":{\"@id\":\"https:\/\/www.zahnarzt-praxis-biel.ch\/#organization\"},\"potentialAction\":[{\"@type\":\"SearchAction\",\"target\":{\"@type\":\"EntryPoint\",\"urlTemplate\":\"https:\/\/www.zahnarzt-praxis-biel.ch\/?s={search_term_string}\"},\"query-input\":{\"@type\":\"PropertyValueSpecification\",\"valueRequired\":true,\"valueName\":\"search_term_string\"}}],\"inLanguage\":\"fr-FR\"},{\"@type\":\"Organization\",\"@id\":\"https:\/\/www.zahnarzt-praxis-biel.ch\/#organization\",\"name\":\"Zahnarzt Praxis Biel Dr. Miskiewicz\",\"url\":\"https:\/\/www.zahnarzt-praxis-biel.ch\/\",\"logo\":{\"@type\":\"ImageObject\",\"inLanguage\":\"fr-FR\",\"@id\":\"https:\/\/www.zahnarzt-praxis-biel.ch\/#\/schema\/logo\/image\/\",\"url\":\"https:\/\/www.zahnarzt-praxis-biel.ch\/wp-content\/uploads\/2021\/01\/logo-dr-miskiewicz.png\",\"contentUrl\":\"https:\/\/www.zahnarzt-praxis-biel.ch\/wp-content\/uploads\/2021\/01\/logo-dr-miskiewicz.png\",\"width\":804,\"height\":160,\"caption\":\"Zahnarzt Praxis Biel Dr. Miskiewicz\"},\"image\":{\"@id\":\"https:\/\/www.zahnarzt-praxis-biel.ch\/#\/schema\/logo\/image\/\"}}]}<\/script>\n<!-- \/ Yoast SEO plugin. -->","yoast_head_json":{"title":"Dentisterie g\u00e9n\u00e9rale et chirurgie dentaire - Zahnarzt Praxis Biel Dr. Miskiewicz","robots":{"index":"index","follow":"follow","max-snippet":"max-snippet:-1","max-image-preview":"max-image-preview:large","max-video-preview":"max-video-preview:-1"},"canonical":"https:\/\/www.zahnarzt-praxis-biel.ch\/fr\/dentisterie-generale-et-chirurgie-dentaire\/","og_locale":"fr_FR","og_type":"article","og_title":"Dentisterie g\u00e9n\u00e9rale et chirurgie dentaire - Zahnarzt Praxis Biel Dr. Miskiewicz","og_url":"https:\/\/www.zahnarzt-praxis-biel.ch\/fr\/dentisterie-generale-et-chirurgie-dentaire\/","og_site_name":"Zahnarzt Praxis Biel Dr. Miskiewicz","article_modified_time":"2024-12-12T14:22:35+00:00","twitter_card":"summary_large_image","twitter_misc":{"Dur\u00e9e de lecture estim\u00e9e":"2 minutes"},"schema":{"@context":"https:\/\/schema.org","@graph":[{"@type":"WebPage","@id":"https:\/\/www.zahnarzt-praxis-biel.ch\/fr\/dentisterie-generale-et-chirurgie-dentaire\/","url":"https:\/\/www.zahnarzt-praxis-biel.ch\/fr\/dentisterie-generale-et-chirurgie-dentaire\/","name":"Dentisterie g\u00e9n\u00e9rale et chirurgie dentaire - Zahnarzt Praxis Biel Dr. Miskiewicz","isPartOf":{"@id":"https:\/\/www.zahnarzt-praxis-biel.ch\/#website"},"datePublished":"2021-04-19T09:06:33+00:00","dateModified":"2024-12-12T14:22:35+00:00","breadcrumb":{"@id":"https:\/\/www.zahnarzt-praxis-biel.ch\/fr\/dentisterie-generale-et-chirurgie-dentaire\/#breadcrumb"},"inLanguage":"fr-FR","potentialAction":[{"@type":"ReadAction","target":["https:\/\/www.zahnarzt-praxis-biel.ch\/fr\/dentisterie-generale-et-chirurgie-dentaire\/"]}]},{"@type":"BreadcrumbList","@id":"https:\/\/www.zahnarzt-praxis-biel.ch\/fr\/dentisterie-generale-et-chirurgie-dentaire\/#breadcrumb","itemListElement":[{"@type":"ListItem","position":1,"name":"Startseite","item":"https:\/\/www.zahnarzt-praxis-biel.ch\/fr\/"},{"@type":"ListItem","position":2,"name":"Dentisterie g\u00e9n\u00e9rale et chirurgie dentaire"}]},{"@type":"WebSite","@id":"https:\/\/www.zahnarzt-praxis-biel.ch\/#website","url":"https:\/\/www.zahnarzt-praxis-biel.ch\/","name":"Zahnarzt Praxis Biel Dr. Miskiewicz","description":"","publisher":{"@id":"https:\/\/www.zahnarzt-praxis-biel.ch\/#organization"},"potentialAction":[{"@type":"SearchAction","target":{"@type":"EntryPoint","urlTemplate":"https:\/\/www.zahnarzt-praxis-biel.ch\/?s={search_term_string}"},"query-input":{"@type":"PropertyValueSpecification","valueRequired":true,"valueName":"search_term_string"}}],"inLanguage":"fr-FR"},{"@type":"Organization","@id":"https:\/\/www.zahnarzt-praxis-biel.ch\/#organization","name":"Zahnarzt Praxis Biel Dr. Miskiewicz","url":"https:\/\/www.zahnarzt-praxis-biel.ch\/","logo":{"@type":"ImageObject","inLanguage":"fr-FR","@id":"https:\/\/www.zahnarzt-praxis-biel.ch\/#\/schema\/logo\/image\/","url":"https:\/\/www.zahnarzt-praxis-biel.ch\/wp-content\/uploads\/2021\/01\/logo-dr-miskiewicz.png","contentUrl":"https:\/\/www.zahnarzt-praxis-biel.ch\/wp-content\/uploads\/2021\/01\/logo-dr-miskiewicz.png","width":804,"height":160,"caption":"Zahnarzt Praxis Biel Dr. Miskiewicz"},"image":{"@id":"https:\/\/www.zahnarzt-praxis-biel.ch\/#\/schema\/logo\/image\/"}}]}},"_links":{"self":[{"href":"https:\/\/www.zahnarzt-praxis-biel.ch\/fr\/wp-json\/wp\/v2\/pages\/1008","targetHints":{"allow":["GET"]}}],"collection":[{"href":"https:\/\/www.zahnarzt-praxis-biel.ch\/fr\/wp-json\/wp\/v2\/pages"}],"about":[{"href":"https:\/\/www.zahnarzt-praxis-biel.ch\/fr\/wp-json\/wp\/v2\/types\/page"}],"author":[{"embeddable":true,"href":"https:\/\/www.zahnarzt-praxis-biel.ch\/fr\/wp-json\/wp\/v2\/users\/1"}],"replies":[{"embeddable":true,"href":"https:\/\/www.zahnarzt-praxis-biel.ch\/fr\/wp-json\/wp\/v2\/comments?post=1008"}],"version-history":[{"count":10,"href":"https:\/\/www.zahnarzt-praxis-biel.ch\/fr\/wp-json\/wp\/v2\/pages\/1008\/revisions"}],"predecessor-version":[{"id":1544,"href":"https:\/\/www.zahnarzt-praxis-biel.ch\/fr\/wp-json\/wp\/v2\/pages\/1008\/revisions\/1544"}],"wp:attachment":[{"href":"https:\/\/www.zahnarzt-praxis-biel.ch\/fr\/wp-json\/wp\/v2\/media?parent=1008"}],"curies":[{"name":"wp","href":"https:\/\/api.w.org\/{rel}","templated":true}]}}