{"id":1002,"date":"2021-04-19T09:02:52","date_gmt":"2021-04-19T09:02:52","guid":{"rendered":"https:\/\/www.zahnarzt-praxis-biel.ch\/?page_id=1002"},"modified":"2024-12-12T14:26:28","modified_gmt":"2024-12-12T14:26:28","slug":"contact","status":"publish","type":"page","link":"https:\/\/www.zahnarzt-praxis-biel.ch\/fr\/contact\/","title":{"rendered":"Contact"},"content":{"rendered":"<section class=\"l-section wpb_row us_custom_53453653 height_auto width_full\"><div class=\"l-section-h i-cf\"><div class=\"g-cols vc_row via_flex valign_top type_default stacking_default\"><div class=\"vc_col-sm-12 wpb_column vc_column_container\"><div class=\"vc_column-inner us_custom_d5a6a990\"><div class=\"wpb_wrapper\"><\/div><\/div><\/div><\/div><\/div><\/section><section class=\"l-section wpb_row height_huge\"><div class=\"l-section-h i-cf\"><div class=\"g-cols vc_row via_flex valign_top type_default stacking_default\"><div class=\"vc_col-sm-4 wpb_column vc_column_container\"><div class=\"vc_column-inner\"><div class=\"wpb_wrapper\"><div class=\"wpb_text_column\"><div class=\"wpb_wrapper\"><h2>Adresse<\/h2>\n<p>Dr. med. dent. M. Miskiewicz<br \/>\nBahnhofstrasse 8<br \/>\n2502 Biel<\/p>\n<p><a href=\"mailto:info@zahnarzt-praxis-biel.ch\" target=\"_blank\" rel=\"noopener\">info@zahnarzt-praxis-biel.ch<\/a><br \/>\n<a href=\"tel:+41323224141\" target=\"_blank\" rel=\"noopener\">032 322 41 41<\/a><\/p>\n<\/div><\/div><\/div><\/div><\/div><div class=\"vc_col-sm-8 wpb_column vc_column_container\"><div class=\"vc_column-inner\"><div class=\"wpb_wrapper\"><div class=\"wpb_text_column\"><div class=\"wpb_wrapper\"><h2>Acc\u00e8s<\/h2>\n<p>Places de stationnement libres aux alentours de la gare.<br \/>\nBus N\u00b0 1, 2, 4, 5, 6, 7, 8, 11, 70, 71, 72, 74, 75 Arr\u00eat de bus \u201eGare\u201c.<br \/>\n\u00c0 partir de cet arr\u00eat, vous nous rejoignez en 2 minutes \u00e0 pied.<\/p>\n<\/div><\/div><\/div><\/div><\/div><\/div><\/div><\/section><section class=\"l-section wpb_row height_auto width_full\"><div class=\"l-section-h i-cf\"><div class=\"g-cols vc_row via_flex valign_top type_default stacking_default\"><div class=\"vc_col-sm-12 wpb_column vc_column_container\"><div class=\"vc_column-inner\"><div class=\"wpb_wrapper\">[vc_raw_html]JTNDaWZyYW1lJTIwc3JjJTNEJTIyaHR0cHMlM0ElMkYlMkZ3d3cuZ29vZ2xlLmNvbSUyRm1hcHMlMkZlbWJlZCUzRnBiJTNEJTIxMW0xNCUyMTFtOCUyMTFtMyUyMTFkMTA4NTYuODczNDQyNTUxNjAzJTIxMmQ3LjI0Mzk1MDIlMjEzZDQ3LjEzMzk4NzklMjEzbTIlMjExaTEwMjQlMjEyaTc2OCUyMTRmMTMuMSUyMTNtMyUyMTFtMiUyMTFzMHg0NzhlMTk0ZmNmY2QyZmFiJTI1M0EweDUxYTU5NDMwZjk4ZGYyZjElMjEyc1phaG5hcnp0cHJheGlzJTI1MjBEci4lMjUyME1pc2tpZXdpY3olMjUyME0uU2MuJTI1MjBJbXBsYW50b2xvZ2llJTI1MjB1bmQlMjUyMFBhcm9kb250b2xvZ2llJTIxNWUwJTIxM20yJTIxMXNkZSUyMTJzY2glMjE0djE3MDc4OTc4MDI1MjYlMjE1bTIlMjExc2RlJTIxMnNjaCUyMiUyMHdpZHRoJTNEJTIyMTkyMCUyMiUyMGhlaWdodCUzRCUyMjQ1MCUyMiUyMHN0eWxlJTNEJTIyYm9yZGVyJTNBMCUzQiUyMiUyMGFsbG93ZnVsbHNjcmVlbiUzRCUyMiUyMiUyMGxvYWRpbmclM0QlMjJsYXp5JTIyJTIwcmVmZXJyZXJwb2xpY3klM0QlMjJuby1yZWZlcnJlci13aGVuLWRvd25ncmFkZSUyMiUzRSUzQyUyRmlmcmFtZSUzRQ==[\/vc_raw_html]<\/div><\/div><\/div><\/div><\/div><\/section>\n","protected":false},"excerpt":{"rendered":"Adresse Dr. med. dent. M. Miskiewicz Bahnhofstrasse 8 2502 Biel info@zahnarzt-praxis-biel.ch 032 322 41 41 Acc\u00e8s Places de stationnement libres aux alentours de la gare. Bus N\u00b0 1, 2, 4, 5, 6, 7, 8, 11, 70, 71, 72, 74, 75 Arr\u00eat de bus \u201eGare\u201c. \u00c0 partir de cet arr\u00eat, vous nous rejoignez en 2 minutes...","protected":false},"author":1,"featured_media":0,"parent":0,"menu_order":0,"comment_status":"closed","ping_status":"closed","template":"","meta":{"footnotes":""},"class_list":["post-1002","page","type-page","status-publish","hentry"],"yoast_head":"<!-- This site is optimized with the Yoast SEO plugin v25.7 - https:\/\/yoast.com\/wordpress\/plugins\/seo\/ -->\n<title>Contact - Zahnarzt Praxis Biel Dr. Miskiewicz<\/title>\n<meta name=\"robots\" content=\"index, follow, max-snippet:-1, max-image-preview:large, max-video-preview:-1\" \/>\n<link rel=\"canonical\" href=\"https:\/\/www.zahnarzt-praxis-biel.ch\/fr\/contact\/\" \/>\n<meta property=\"og:locale\" content=\"fr_FR\" \/>\n<meta property=\"og:type\" content=\"article\" \/>\n<meta property=\"og:title\" content=\"Contact - Zahnarzt Praxis Biel Dr. Miskiewicz\" \/>\n<meta property=\"og:url\" content=\"https:\/\/www.zahnarzt-praxis-biel.ch\/fr\/contact\/\" \/>\n<meta property=\"og:site_name\" content=\"Zahnarzt Praxis Biel Dr. Miskiewicz\" \/>\n<meta property=\"article:modified_time\" content=\"2024-12-12T14:26:28+00:00\" \/>\n<meta name=\"twitter:card\" content=\"summary_large_image\" \/>\n<meta name=\"twitter:label1\" content=\"Dur\u00e9e de lecture estim\u00e9e\" \/>\n\t<meta name=\"twitter:data1\" content=\"1 minute\" \/>\n<script type=\"application\/ld+json\" class=\"yoast-schema-graph\">{\"@context\":\"https:\/\/schema.org\",\"@graph\":[{\"@type\":\"WebPage\",\"@id\":\"https:\/\/www.zahnarzt-praxis-biel.ch\/fr\/contact\/\",\"url\":\"https:\/\/www.zahnarzt-praxis-biel.ch\/fr\/contact\/\",\"name\":\"Contact - Zahnarzt Praxis Biel Dr. Miskiewicz\",\"isPartOf\":{\"@id\":\"https:\/\/www.zahnarzt-praxis-biel.ch\/#website\"},\"datePublished\":\"2021-04-19T09:02:52+00:00\",\"dateModified\":\"2024-12-12T14:26:28+00:00\",\"breadcrumb\":{\"@id\":\"https:\/\/www.zahnarzt-praxis-biel.ch\/fr\/contact\/#breadcrumb\"},\"inLanguage\":\"fr-FR\",\"potentialAction\":[{\"@type\":\"ReadAction\",\"target\":[\"https:\/\/www.zahnarzt-praxis-biel.ch\/fr\/contact\/\"]}]},{\"@type\":\"BreadcrumbList\",\"@id\":\"https:\/\/www.zahnarzt-praxis-biel.ch\/fr\/contact\/#breadcrumb\",\"itemListElement\":[{\"@type\":\"ListItem\",\"position\":1,\"name\":\"Startseite\",\"item\":\"https:\/\/www.zahnarzt-praxis-biel.ch\/fr\/\"},{\"@type\":\"ListItem\",\"position\":2,\"name\":\"Contact\"}]},{\"@type\":\"WebSite\",\"@id\":\"https:\/\/www.zahnarzt-praxis-biel.ch\/#website\",\"url\":\"https:\/\/www.zahnarzt-praxis-biel.ch\/\",\"name\":\"Zahnarzt Praxis Biel Dr. Miskiewicz\",\"description\":\"\",\"publisher\":{\"@id\":\"https:\/\/www.zahnarzt-praxis-biel.ch\/#organization\"},\"potentialAction\":[{\"@type\":\"SearchAction\",\"target\":{\"@type\":\"EntryPoint\",\"urlTemplate\":\"https:\/\/www.zahnarzt-praxis-biel.ch\/?s={search_term_string}\"},\"query-input\":{\"@type\":\"PropertyValueSpecification\",\"valueRequired\":true,\"valueName\":\"search_term_string\"}}],\"inLanguage\":\"fr-FR\"},{\"@type\":\"Organization\",\"@id\":\"https:\/\/www.zahnarzt-praxis-biel.ch\/#organization\",\"name\":\"Zahnarzt Praxis Biel Dr. Miskiewicz\",\"url\":\"https:\/\/www.zahnarzt-praxis-biel.ch\/\",\"logo\":{\"@type\":\"ImageObject\",\"inLanguage\":\"fr-FR\",\"@id\":\"https:\/\/www.zahnarzt-praxis-biel.ch\/#\/schema\/logo\/image\/\",\"url\":\"https:\/\/www.zahnarzt-praxis-biel.ch\/wp-content\/uploads\/2021\/01\/logo-dr-miskiewicz.png\",\"contentUrl\":\"https:\/\/www.zahnarzt-praxis-biel.ch\/wp-content\/uploads\/2021\/01\/logo-dr-miskiewicz.png\",\"width\":804,\"height\":160,\"caption\":\"Zahnarzt Praxis Biel Dr. Miskiewicz\"},\"image\":{\"@id\":\"https:\/\/www.zahnarzt-praxis-biel.ch\/#\/schema\/logo\/image\/\"}}]}<\/script>\n<!-- \/ Yoast SEO plugin. -->","yoast_head_json":{"title":"Contact - Zahnarzt Praxis Biel Dr. Miskiewicz","robots":{"index":"index","follow":"follow","max-snippet":"max-snippet:-1","max-image-preview":"max-image-preview:large","max-video-preview":"max-video-preview:-1"},"canonical":"https:\/\/www.zahnarzt-praxis-biel.ch\/fr\/contact\/","og_locale":"fr_FR","og_type":"article","og_title":"Contact - Zahnarzt Praxis Biel Dr. Miskiewicz","og_url":"https:\/\/www.zahnarzt-praxis-biel.ch\/fr\/contact\/","og_site_name":"Zahnarzt Praxis Biel Dr. Miskiewicz","article_modified_time":"2024-12-12T14:26:28+00:00","twitter_card":"summary_large_image","twitter_misc":{"Dur\u00e9e de lecture estim\u00e9e":"1 minute"},"schema":{"@context":"https:\/\/schema.org","@graph":[{"@type":"WebPage","@id":"https:\/\/www.zahnarzt-praxis-biel.ch\/fr\/contact\/","url":"https:\/\/www.zahnarzt-praxis-biel.ch\/fr\/contact\/","name":"Contact - Zahnarzt Praxis Biel Dr. Miskiewicz","isPartOf":{"@id":"https:\/\/www.zahnarzt-praxis-biel.ch\/#website"},"datePublished":"2021-04-19T09:02:52+00:00","dateModified":"2024-12-12T14:26:28+00:00","breadcrumb":{"@id":"https:\/\/www.zahnarzt-praxis-biel.ch\/fr\/contact\/#breadcrumb"},"inLanguage":"fr-FR","potentialAction":[{"@type":"ReadAction","target":["https:\/\/www.zahnarzt-praxis-biel.ch\/fr\/contact\/"]}]},{"@type":"BreadcrumbList","@id":"https:\/\/www.zahnarzt-praxis-biel.ch\/fr\/contact\/#breadcrumb","itemListElement":[{"@type":"ListItem","position":1,"name":"Startseite","item":"https:\/\/www.zahnarzt-praxis-biel.ch\/fr\/"},{"@type":"ListItem","position":2,"name":"Contact"}]},{"@type":"WebSite","@id":"https:\/\/www.zahnarzt-praxis-biel.ch\/#website","url":"https:\/\/www.zahnarzt-praxis-biel.ch\/","name":"Zahnarzt Praxis Biel Dr. Miskiewicz","description":"","publisher":{"@id":"https:\/\/www.zahnarzt-praxis-biel.ch\/#organization"},"potentialAction":[{"@type":"SearchAction","target":{"@type":"EntryPoint","urlTemplate":"https:\/\/www.zahnarzt-praxis-biel.ch\/?s={search_term_string}"},"query-input":{"@type":"PropertyValueSpecification","valueRequired":true,"valueName":"search_term_string"}}],"inLanguage":"fr-FR"},{"@type":"Organization","@id":"https:\/\/www.zahnarzt-praxis-biel.ch\/#organization","name":"Zahnarzt Praxis Biel Dr. Miskiewicz","url":"https:\/\/www.zahnarzt-praxis-biel.ch\/","logo":{"@type":"ImageObject","inLanguage":"fr-FR","@id":"https:\/\/www.zahnarzt-praxis-biel.ch\/#\/schema\/logo\/image\/","url":"https:\/\/www.zahnarzt-praxis-biel.ch\/wp-content\/uploads\/2021\/01\/logo-dr-miskiewicz.png","contentUrl":"https:\/\/www.zahnarzt-praxis-biel.ch\/wp-content\/uploads\/2021\/01\/logo-dr-miskiewicz.png","width":804,"height":160,"caption":"Zahnarzt Praxis Biel Dr. Miskiewicz"},"image":{"@id":"https:\/\/www.zahnarzt-praxis-biel.ch\/#\/schema\/logo\/image\/"}}]}},"_links":{"self":[{"href":"https:\/\/www.zahnarzt-praxis-biel.ch\/fr\/wp-json\/wp\/v2\/pages\/1002","targetHints":{"allow":["GET"]}}],"collection":[{"href":"https:\/\/www.zahnarzt-praxis-biel.ch\/fr\/wp-json\/wp\/v2\/pages"}],"about":[{"href":"https:\/\/www.zahnarzt-praxis-biel.ch\/fr\/wp-json\/wp\/v2\/types\/page"}],"author":[{"embeddable":true,"href":"https:\/\/www.zahnarzt-praxis-biel.ch\/fr\/wp-json\/wp\/v2\/users\/1"}],"replies":[{"embeddable":true,"href":"https:\/\/www.zahnarzt-praxis-biel.ch\/fr\/wp-json\/wp\/v2\/comments?post=1002"}],"version-history":[{"count":8,"href":"https:\/\/www.zahnarzt-praxis-biel.ch\/fr\/wp-json\/wp\/v2\/pages\/1002\/revisions"}],"predecessor-version":[{"id":1555,"href":"https:\/\/www.zahnarzt-praxis-biel.ch\/fr\/wp-json\/wp\/v2\/pages\/1002\/revisions\/1555"}],"wp:attachment":[{"href":"https:\/\/www.zahnarzt-praxis-biel.ch\/fr\/wp-json\/wp\/v2\/media?parent=1002"}],"curies":[{"name":"wp","href":"https:\/\/api.w.org\/{rel}","templated":true}]}}